{"id":23,"date":"2020-12-27T22:38:25","date_gmt":"2020-12-27T21:38:25","guid":{"rendered":"http:\/\/alle-heidenreich.bplaced.net\/familie\/?page_id=23"},"modified":"2020-12-29T15:35:23","modified_gmt":"2020-12-29T14:35:23","slug":"ahnengemeinschaften","status":"publish","type":"page","link":"http:\/\/alle-heidenreich.bplaced.net\/familie\/?page_id=23","title":{"rendered":"Ahnengemeinschaften"},"content":{"rendered":"\n<p>Links zu Forschern mit Ahnengemeinschaft<br>.. und zur lieben Verwandtschaft &#8230;<\/p>\n\n\n\n<h3 class=\"wp-block-heading\">Ahnengemeinschaften<\/h3>\n\n\n\n<p><a rel=\"noreferrer noopener\" href=\"http:\/\/www.brandt-krieger-r.de\/Ahnen.htm\" target=\"_blank\">Ahnen Dr. H. Brandt &#8211; \u00dcbersicht<\/a><br><a rel=\"noreferrer noopener\" href=\"http:\/\/ahnenkult.de\/\" target=\"_blank\">Ahnenkult &#8211; Udo Schreyer&#8217;s Genealogieseite!<\/a><br><a rel=\"noreferrer noopener\" href=\"http:\/\/www.donn-ewe.net\/Ahnenliste_Maria_Janik.htm\" target=\"_blank\">Ahnenliste MARIA JANIK<\/a> Ahnenliste Maria Janik, Ahnenforschung, Genealogie <br><a rel=\"noreferrer noopener\" href=\"http:\/\/www.goldelf.de\/index.htm\" target=\"_blank\">Die Goldelf Ernstthal aus Hohenstein-Ernstthal! <\/a> Der harte Kern von Ernstthal <br><a rel=\"noreferrer noopener\" href=\"http:\/\/petras-family-page.de.tl\/\" target=\"_blank\">Genealogie der Familie HIEMANN &#8211; Home<\/a> Genealogie der Familien Hiemann, Reichel, Becker und Kempe im Erzgebirge.<br><a rel=\"noreferrer noopener\" href=\"http:\/\/www.klauskunze.com\/familienforschung\/index.htm\" target=\"_blank\">Heimatforschung Familienforschung oberes Weserbergland Klaus Kunze<\/a> Genealogie <br><\/p>\n\n\n\n<h3 class=\"wp-block-heading\"><br><strong>Webseiten von nahem Verwandten<\/strong><\/h3>\n\n\n\n<p><br><a rel=\"noreferrer noopener\" href=\"http:\/\/www.bau-heidenreich.de\/\" target=\"_blank\">Maurerbetrieb Heidenreich &#8211; Maurermeister \/ Geb\u00e4udeenergieberater in Hainichen \/ Sachsen<\/a> Ihr Maurer und Geb\u00e4udeenergieberater aus Hainichen. Wir stellen Energieausweise, schaffen W\u00e4rmed\u00e4mmung, Sanieren, uvm.<\/p>\n","protected":false},"excerpt":{"rendered":"<p>Links zu Forschern mit Ahnengemeinschaft.. und zur lieben Verwandtschaft &#8230; Ahnengemeinschaften Ahnen Dr. H. Brandt &#8211; \u00dcbersichtAhnenkult &#8211; Udo Schreyer&#8217;s Genealogieseite!Ahnenliste MARIA JANIK Ahnenliste Maria &hellip; <\/p>\n","protected":false},"author":1,"featured_media":0,"parent":0,"menu_order":0,"comment_status":"closed","ping_status":"closed","template":"","meta":{"footnotes":""},"_links":{"self":[{"href":"http:\/\/alle-heidenreich.bplaced.net\/familie\/index.php?rest_route=\/wp\/v2\/pages\/23"}],"collection":[{"href":"http:\/\/alle-heidenreich.bplaced.net\/familie\/index.php?rest_route=\/wp\/v2\/pages"}],"about":[{"href":"http:\/\/alle-heidenreich.bplaced.net\/familie\/index.php?rest_route=\/wp\/v2\/types\/page"}],"author":[{"embeddable":true,"href":"http:\/\/alle-heidenreich.bplaced.net\/familie\/index.php?rest_route=\/wp\/v2\/users\/1"}],"replies":[{"embeddable":true,"href":"http:\/\/alle-heidenreich.bplaced.net\/familie\/index.php?rest_route=%2Fwp%2Fv2%2Fcomments&post=23"}],"version-history":[{"count":6,"href":"http:\/\/alle-heidenreich.bplaced.net\/familie\/index.php?rest_route=\/wp\/v2\/pages\/23\/revisions"}],"predecessor-version":[{"id":113,"href":"http:\/\/alle-heidenreich.bplaced.net\/familie\/index.php?rest_route=\/wp\/v2\/pages\/23\/revisions\/113"}],"wp:attachment":[{"href":"http:\/\/alle-heidenreich.bplaced.net\/familie\/index.php?rest_route=%2Fwp%2Fv2%2Fmedia&parent=23"}],"curies":[{"name":"wp","href":"https:\/\/api.w.org\/{rel}","templated":true}]}}