{"id":17,"date":"2020-12-27T22:29:37","date_gmt":"2020-12-27T21:29:37","guid":{"rendered":"http:\/\/alle-heidenreich.bplaced.net\/familie\/?page_id=17"},"modified":"2021-03-06T21:07:22","modified_gmt":"2021-03-06T20:07:22","slug":"hauptstammlinien","status":"publish","type":"page","link":"http:\/\/alle-heidenreich.bplaced.net\/familie\/?page_id=17","title":{"rendered":"Hauptstammlinien"},"content":{"rendered":"\n<p class=\"has-text-align-center\">Die Hauptstammlinien unserer Familie<\/p>\n\n\n\n<p class=\"has-text-align-center\">F\u00fcr die hier angef\u00fchrten Linien m\u00f6chte ich den Begriff \u201eFamilienforschung\u201c verwenden, da ich auch die noch lebenden Nachkommen suche.<br>Erg\u00e4nzungen und Korrekturen (Namen, Daten, etc) in jede Richtung sind jederzeit herzlich willkommen.<br>Die weiteren Linien sind in der Namens\u00fcbersicht zu finden und k\u00f6nnen in der Ahnendarstellung bei <strong><a href=\"https:\/\/gw.geneanet.org\/heidus?lang=de\" target=\"_blank\" rel=\"noreferrer noopener\">Geneanet<\/a> <\/strong>betrachtet werden.<br>(Die Stammlinien \u00f6ffnen in einem neuen Fenster)<\/p>\n\n\n\n<figure class=\"wp-block-table\"><table><tbody><tr><td><strong>Generation<\/strong><\/td><td class=\"has-text-align-center\" data-align=\"center\"><strong>Kekule Nr.<\/strong><\/td><td><strong>Name<\/strong><\/td><td><strong>Herkunfts- und Forschungsgebiet<\/strong><\/td><\/tr><tr><td><strong>Eltern<\/strong><\/td><td class=\"has-text-align-center\" data-align=\"center\">2<\/td><td><a href=\"http:\/\/alle-heidenreich.bplaced.net\/familie\/daten\/StammHeidenreich.htm\" target=\"_blank\" rel=\"noreferrer noopener\">HEIDENREICH<\/a><\/td><td>Gft. Glatz \/ Schlesien<br>Kr. Freiwaldau \/ M\u00e4hren<\/td><\/tr><tr><td>&nbsp;<\/td><td class=\"has-text-align-center\" data-align=\"center\">3<\/td><td><a href=\"http:\/\/alle-heidenreich.bplaced.net\/familie\/daten\/StammHockeborn.htm\" target=\"_blank\" rel=\"noreferrer noopener\">HOCKEBORN<\/a><\/td><td>Kr. Friedland \/ B\u00f6hmen<\/td><\/tr><tr><td><strong>Gro\u00dfeltern<\/strong><\/td><td class=\"has-text-align-center\" data-align=\"center\">5<\/td><td><a href=\"http:\/\/alle-heidenreich.bplaced.net\/familie\/daten\/StammHiller.htm\" target=\"_blank\" rel=\"noreferrer noopener\">HILLER<\/a><\/td><td>Kr. Oels \/ Schlesien<\/td><\/tr><tr><td>&nbsp;<\/td><td class=\"has-text-align-center\" data-align=\"center\">7<\/td><td><a href=\"http:\/\/alle-heidenreich.bplaced.net\/familie\/daten\/StammOtto.htm\" target=\"_blank\" rel=\"noreferrer noopener\">OTTO<\/a><\/td><td>Kr. Erzgebirge \/ Sachsen<br>Kr. Freiberg \/ Sachsen<\/td><\/tr><tr><td><strong>Urgro\u00dfeltern<\/strong><\/td><td class=\"has-text-align-center\" data-align=\"center\">9<\/td><td><a href=\"http:\/\/alle-heidenreich.bplaced.net\/familie\/daten\/StammLehmann.htm\" target=\"_blank\" rel=\"noreferrer noopener\">LEHMANN<\/a><\/td><td>Gft. Glatz \/ Schlesien<\/td><\/tr><tr><td>&nbsp;<\/td><td class=\"has-text-align-center\" data-align=\"center\">11<\/td><td><a href=\"http:\/\/alle-heidenreich.bplaced.net\/familie\/daten\/StammOriwall.htm\" target=\"_blank\" rel=\"noreferrer noopener\">ORIWALL<\/a><\/td><td>Kr. Oels \/ Schlesien<br>Kr. Gro\u00df Wartenberg \/ Schlesien<\/td><\/tr><tr><td>&nbsp;<\/td><td class=\"has-text-align-center\" data-align=\"center\">13<\/td><td><a href=\"http:\/\/alle-heidenreich.bplaced.net\/familie\/daten\/StammKriz.htm\" target=\"_blank\" rel=\"noreferrer noopener\">KRIZ<\/a><\/td><td>Kr. Troppau \/ \u00f6sterr. Schlesien<\/td><\/tr><tr><td>&nbsp;<\/td><td class=\"has-text-align-center\" data-align=\"center\">15<\/td><td><a href=\"http:\/\/alle-heidenreich.bplaced.net\/familie\/daten\/StammHunger1.htm\" target=\"_blank\" rel=\"noreferrer noopener\">HUNGER<\/a><\/td><td>Kr. Erzgebirge \/ Sachsen<br>Kr. Freiberg \/ Sachsen<\/td><\/tr><\/tbody><\/table><\/figure>\n","protected":false},"excerpt":{"rendered":"<p>Die Hauptstammlinien unserer Familie F\u00fcr die hier angef\u00fchrten Linien m\u00f6chte ich den Begriff \u201eFamilienforschung\u201c verwenden, da ich auch die noch lebenden Nachkommen suche.Erg\u00e4nzungen und Korrekturen &hellip; <\/p>\n","protected":false},"author":1,"featured_media":0,"parent":0,"menu_order":0,"comment_status":"closed","ping_status":"closed","template":"","meta":{"footnotes":""},"_links":{"self":[{"href":"http:\/\/alle-heidenreich.bplaced.net\/familie\/index.php?rest_route=\/wp\/v2\/pages\/17"}],"collection":[{"href":"http:\/\/alle-heidenreich.bplaced.net\/familie\/index.php?rest_route=\/wp\/v2\/pages"}],"about":[{"href":"http:\/\/alle-heidenreich.bplaced.net\/familie\/index.php?rest_route=\/wp\/v2\/types\/page"}],"author":[{"embeddable":true,"href":"http:\/\/alle-heidenreich.bplaced.net\/familie\/index.php?rest_route=\/wp\/v2\/users\/1"}],"replies":[{"embeddable":true,"href":"http:\/\/alle-heidenreich.bplaced.net\/familie\/index.php?rest_route=%2Fwp%2Fv2%2Fcomments&post=17"}],"version-history":[{"count":5,"href":"http:\/\/alle-heidenreich.bplaced.net\/familie\/index.php?rest_route=\/wp\/v2\/pages\/17\/revisions"}],"predecessor-version":[{"id":138,"href":"http:\/\/alle-heidenreich.bplaced.net\/familie\/index.php?rest_route=\/wp\/v2\/pages\/17\/revisions\/138"}],"wp:attachment":[{"href":"http:\/\/alle-heidenreich.bplaced.net\/familie\/index.php?rest_route=%2Fwp%2Fv2%2Fmedia&parent=17"}],"curies":[{"name":"wp","href":"https:\/\/api.w.org\/{rel}","templated":true}]}}