{"id":11,"date":"2020-12-27T22:24:57","date_gmt":"2020-12-27T21:24:57","guid":{"rendered":"http:\/\/alle-heidenreich.bplaced.net\/familie\/?page_id=11"},"modified":"2026-04-11T13:49:55","modified_gmt":"2026-04-11T11:49:55","slug":"willkommen","status":"publish","type":"page","link":"http:\/\/alle-heidenreich.bplaced.net\/familie\/","title":{"rendered":"Willkommen"},"content":{"rendered":"\n<p class=\"has-text-align-center\">Hallo und Herzlich Willkommen! <\/p>\n\n\n\n<p class=\"has-text-align-center\">Wir sind eine Gro\u00dffamilie. <br>Ok, Gro\u00dffamilie ist vielleicht etwas \u00fcbertrieben, aber immerhin sind wir 8 Personen. <br>Wenn man vorstellen darf:<br>Das j\u00fcngste Familienmitglied ist Almut, genau eine Minute j\u00fcnger als ihr Zwillingsbruder Gustav.<br> Der Dritte, 2  1\/2 Jahre \u00e4lter ist Bernhard. Der vierte im Bunde ist Wilhelm. Ja, und Sonnhild und Richard sind die Gro\u00dfen.<\/p>\n\n\n<div class=\"wp-block-image is-resized\">\n<figure class=\"aligncenter size-large\"><img loading=\"lazy\" decoding=\"async\" width=\"712\" height=\"561\" src=\"http:\/\/alle-heidenreich.bplaced.net\/familie\/wp-content\/uploads\/2020\/12\/Familie.jpg\" alt=\"\" class=\"wp-image-12\" srcset=\"http:\/\/alle-heidenreich.bplaced.net\/familie\/wp-content\/uploads\/2020\/12\/Familie.jpg 712w, http:\/\/alle-heidenreich.bplaced.net\/familie\/wp-content\/uploads\/2020\/12\/Familie-300x236.jpg 300w\" sizes=\"(max-width: 712px) 100vw, 712px\" \/><\/figure><\/div>\n\n\n<p class=\"has-text-align-center\"> Wussten sie eigentlich schon,<br>von den 39,1 Millionen Haushalten in Deutschland sind 37% (=14,5Mill) Single-Haushalte. Weitere 34% (=13,3Mill) der Haushalte werden von 2 Personen gebildet. 14% (=5,5Mill) sind 3 Personenhaushalte, 11% (=4,3Mill) mit 4 Personen und nur in 4% (=1,5Mill) leben 5 und mehr Personen. In 51% der Mehrpersonenhaushalte leben keine Kinder. Insgesamt sind somit 69% der Haushalte kinderlos, nur in 31% (=12Mill) gibt es Kinder. So gesehen sind wir schon etwas besonderes. <\/p>\n\n\n\n<p class=\"has-text-align-center\">Bei uns gibt es Kinder &#8211; und das gleich 6-fach.<br>Damit geh\u00f6ren wir sogar zu einer echten Minderheit in Deutschland. Allerdings keine, f\u00fcr die irgendwelche Lobbygruppen aufstehen und Forderungen an die Politik stellen. Im Gegenteil. Die aktuelle Politik ist eher darauf ausgrichtet, die Familie als solches zu  zerst\u00f6ren.<br><br>Oft werden wir gefragt, ob das so geplant war. Na aber Hallo, Kinder plant man doch nicht, die bekommt man geschenkt.<\/p>\n\n\n\n<p class=\"has-text-align-center\">Ein anderes Thema ist die Ahnenforschung.  <br>Schon lange interessiert es mich, wo kommen wir her, was waren das f\u00fcr Leute, von welchen wir abstammen?<br>Daher ist ein Hauptbestandteil dieser Homepage die Ahnen- und Familienaufstellung der Geschwister<br>Richard, Sonnhild, Wilhelm, Bernhard, Gustav und Almut HEIDENREICH<br>&#8211; erstellt von Harald Heidenreich -.<br>Erg\u00e4nzungen und Korrekturen (Namen, Daten, etc) in jede Richtung sind jederzeit herzlich willkommen.<br>Der bis jetzt vermutlich \u00e4lteste bekannte Ahn hat Kekule-Nr. 119.435.264 und lebte vor 27 Generationen. <br>Ganz so nebenbei konnte ich dabei feststellen: Schon seit mindestens 1760 stammen die Heidenreichs in gerader Linie von Tischlern ab. <\/p>\n","protected":false},"excerpt":{"rendered":"<p>Hallo und Herzlich Willkommen! Wir sind eine Gro\u00dffamilie. Ok, Gro\u00dffamilie ist vielleicht etwas \u00fcbertrieben, aber immerhin sind wir 8 Personen. Wenn man vorstellen darf:Das j\u00fcngste &hellip; <\/p>\n","protected":false},"author":1,"featured_media":0,"parent":0,"menu_order":0,"comment_status":"closed","ping_status":"closed","template":"","meta":{"footnotes":""},"_links":{"self":[{"href":"http:\/\/alle-heidenreich.bplaced.net\/familie\/index.php?rest_route=\/wp\/v2\/pages\/11"}],"collection":[{"href":"http:\/\/alle-heidenreich.bplaced.net\/familie\/index.php?rest_route=\/wp\/v2\/pages"}],"about":[{"href":"http:\/\/alle-heidenreich.bplaced.net\/familie\/index.php?rest_route=\/wp\/v2\/types\/page"}],"author":[{"embeddable":true,"href":"http:\/\/alle-heidenreich.bplaced.net\/familie\/index.php?rest_route=\/wp\/v2\/users\/1"}],"replies":[{"embeddable":true,"href":"http:\/\/alle-heidenreich.bplaced.net\/familie\/index.php?rest_route=%2Fwp%2Fv2%2Fcomments&post=11"}],"version-history":[{"count":17,"href":"http:\/\/alle-heidenreich.bplaced.net\/familie\/index.php?rest_route=\/wp\/v2\/pages\/11\/revisions"}],"predecessor-version":[{"id":222,"href":"http:\/\/alle-heidenreich.bplaced.net\/familie\/index.php?rest_route=\/wp\/v2\/pages\/11\/revisions\/222"}],"wp:attachment":[{"href":"http:\/\/alle-heidenreich.bplaced.net\/familie\/index.php?rest_route=%2Fwp%2Fv2%2Fmedia&parent=11"}],"curies":[{"name":"wp","href":"https:\/\/api.w.org\/{rel}","templated":true}]}}