{"id":94,"date":"2020-12-29T19:08:34","date_gmt":"2020-12-29T18:08:34","guid":{"rendered":"http:\/\/alle-heidenreich.bplaced.net\/alleheidenreich\/?page_id=94"},"modified":"2020-12-29T19:28:49","modified_gmt":"2020-12-29T18:28:49","slug":"heidenreich-treffen","status":"publish","type":"page","link":"http:\/\/alle-heidenreich.bplaced.net\/alleheidenreich\/?page_id=94","title":{"rendered":"Heidenreich &#8211; Treffen"},"content":{"rendered":"\n<h3 class=\"has-text-align-center wp-block-heading\">Internationales Treffen<\/h3>\n\n\n\n<div class=\"wp-block-columns is-layout-flex wp-container-core-columns-layout-1 wp-block-columns-is-layout-flex\">\n<div class=\"wp-block-column is-layout-flow wp-block-column-is-layout-flow\">\n<p class=\"has-text-align-center\">Am 28. und 29. Mai 2005 trafen sich in der \u00f6sterreichischen Burgstadt Heidenreichstein rund 110 Heidenreichs aus \u00d6sterreich, Deutschland, S\u00fcdafrika und den USA zum 1. Internationalen HEIDENREICH -TREFFEN.<br>Eingeladen hatte die Stadt Heidenreichstein anl\u00e4\u00dflich ihrer 800 Jahr &#8211; Feier.<br>Neben Ritteressen, Naturparkfest, Moorwanderung und Burgbesichtigung gab es jede Menge zu bereden und auch genealogische Betrachtungen kamen nicht zu kurz.<\/p>\n\n\n\n<div class=\"wp-block-image\"><figure class=\"aligncenter size-large is-resized\"><a href=\"https:\/\/www.heidenreichstein.gv.at\/\" target=\"_blank\" rel=\"noopener noreferrer\"><img loading=\"lazy\" decoding=\"async\" src=\"http:\/\/alle-heidenreich.bplaced.net\/alleheidenreich\/wp-content\/uploads\/2020\/12\/WappenHeidenreichstein.jpg\" alt=\"\" class=\"wp-image-96\" width=\"206\" height=\"222\" srcset=\"http:\/\/alle-heidenreich.bplaced.net\/alleheidenreich\/wp-content\/uploads\/2020\/12\/WappenHeidenreichstein.jpg 301w, http:\/\/alle-heidenreich.bplaced.net\/alleheidenreich\/wp-content\/uploads\/2020\/12\/WappenHeidenreichstein-278x300.jpg 278w\" sizes=\"(max-width: 206px) 100vw, 206px\" \/><\/a><figcaption>Stadtgemeinde Heidenreichstein<\/figcaption><\/figure><\/div>\n\n\n\n<p><\/p>\n<\/div>\n\n\n\n<div class=\"wp-block-column is-layout-flow wp-block-column-is-layout-flow\">\n<figure class=\"wp-block-image size-large\"><img loading=\"lazy\" decoding=\"async\" width=\"735\" height=\"1024\" src=\"http:\/\/alle-heidenreich.bplaced.net\/alleheidenreich\/wp-content\/uploads\/2020\/12\/Ehrenurkunde-735x1024.jpg\" alt=\"\" class=\"wp-image-95\" srcset=\"http:\/\/alle-heidenreich.bplaced.net\/alleheidenreich\/wp-content\/uploads\/2020\/12\/Ehrenurkunde-735x1024.jpg 735w, http:\/\/alle-heidenreich.bplaced.net\/alleheidenreich\/wp-content\/uploads\/2020\/12\/Ehrenurkunde-215x300.jpg 215w, http:\/\/alle-heidenreich.bplaced.net\/alleheidenreich\/wp-content\/uploads\/2020\/12\/Ehrenurkunde-768x1071.jpg 768w, http:\/\/alle-heidenreich.bplaced.net\/alleheidenreich\/wp-content\/uploads\/2020\/12\/Ehrenurkunde-1102x1536.jpg 1102w, http:\/\/alle-heidenreich.bplaced.net\/alleheidenreich\/wp-content\/uploads\/2020\/12\/Ehrenurkunde-1469x2048.jpg 1469w, http:\/\/alle-heidenreich.bplaced.net\/alleheidenreich\/wp-content\/uploads\/2020\/12\/Ehrenurkunde-scaled.jpg 1836w\" sizes=\"(max-width: 735px) 100vw, 735px\" \/><\/figure>\n<\/div>\n<\/div>\n\n\n\n<div class=\"wp-block-buttons aligncenter is-layout-flex wp-block-buttons-is-layout-flex\">\n<div class=\"wp-block-button\"><a class=\"wp-block-button__link\" href=\"http:\/\/alle-heidenreich.bplaced.net\/alleheidenreich\/?page_id=135\" target=\"_blank\" rel=\"noreferrer noopener\">Bilder vom Treffen 2005<\/a><\/div>\n<\/div>\n","protected":false},"excerpt":{"rendered":"<p>Internationales Treffen Am 28. und 29. Mai 2005 trafen sich in der \u00f6sterreichischen Burgstadt Heidenreichstein rund 110 Heidenreichs aus \u00d6sterreich, Deutschland, S\u00fcdafrika und den USA &hellip; <\/p>\n","protected":false},"author":1,"featured_media":0,"parent":0,"menu_order":0,"comment_status":"closed","ping_status":"closed","template":"","meta":{"footnotes":""},"_links":{"self":[{"href":"http:\/\/alle-heidenreich.bplaced.net\/alleheidenreich\/index.php?rest_route=\/wp\/v2\/pages\/94"}],"collection":[{"href":"http:\/\/alle-heidenreich.bplaced.net\/alleheidenreich\/index.php?rest_route=\/wp\/v2\/pages"}],"about":[{"href":"http:\/\/alle-heidenreich.bplaced.net\/alleheidenreich\/index.php?rest_route=\/wp\/v2\/types\/page"}],"author":[{"embeddable":true,"href":"http:\/\/alle-heidenreich.bplaced.net\/alleheidenreich\/index.php?rest_route=\/wp\/v2\/users\/1"}],"replies":[{"embeddable":true,"href":"http:\/\/alle-heidenreich.bplaced.net\/alleheidenreich\/index.php?rest_route=%2Fwp%2Fv2%2Fcomments&post=94"}],"version-history":[{"count":5,"href":"http:\/\/alle-heidenreich.bplaced.net\/alleheidenreich\/index.php?rest_route=\/wp\/v2\/pages\/94\/revisions"}],"predecessor-version":[{"id":169,"href":"http:\/\/alle-heidenreich.bplaced.net\/alleheidenreich\/index.php?rest_route=\/wp\/v2\/pages\/94\/revisions\/169"}],"wp:attachment":[{"href":"http:\/\/alle-heidenreich.bplaced.net\/alleheidenreich\/index.php?rest_route=%2Fwp%2Fv2%2Fmedia&parent=94"}],"curies":[{"name":"wp","href":"https:\/\/api.w.org\/{rel}","templated":true}]}}