{"id":9,"date":"2020-12-29T16:20:24","date_gmt":"2020-12-29T15:20:24","guid":{"rendered":"http:\/\/alle-heidenreich.bplaced.net\/alleheidenreich\/?page_id=9"},"modified":"2021-01-27T21:46:02","modified_gmt":"2021-01-27T20:46:02","slug":"hallo-heidenreichs","status":"publish","type":"page","link":"http:\/\/alle-heidenreich.bplaced.net\/alleheidenreich\/","title":{"rendered":"Hallo Heidenreichs"},"content":{"rendered":"\n<p><strong>Haidenreich, Haitenrich, Heidenreich, Heidenrich, Heidenrijk, Heidentrijk, Heidrich, Heidrick, Heijdenrijk, Heydenreich, Heydenrijck, Heydenrijk, Heydenrych, He\u00ffdenr\u00ffch, Heydenryk, Heydrych<\/strong> usw.<\/p>\n\n\n\n<p>Seit dem im Jahre 826 der Name Heidenreich als Hethenricus erstmalig schriftlich erw\u00e4hnt wurde, ist eine recht lange Zeit vergangen.<br>Die Bedeutung unseres Namens entspricht in etwa des germ. Namenswunsches f\u00fcr den Tr\u00e4ger von einer &#8222;Gestalt der Macht&#8220; oder dem &#8222;Wesen eines F\u00fcrsten&#8220;.<\/p>\n\n\n\n<p>Sicher sind nicht alle Heidenreichs miteinander verwandt. Schlie\u00dflich ist der Familienename aus einem Vornamen entstanden. (und als solchen gibt es den Namen auch noch heute!)<br>Und schon gar nicht stammen alle Heidenreichs aus Heidenreichstein in \u00d6sterreich . Doch durch Vergleichen und Aneinanderreihung lassen sich vielleicht Verwandtschaften finden.<\/p>\n\n\n\n<p>Allein in Deutschland gibt es \u00fcber 3500 Heidenreichs, in den USA \u00fcber 1000, 500 in Kanada, und in \u00d6sterreich, Schweiz, Norwegen, Holland, S\u00fcdafrika &#8230;.<br>Und dann noch verschiedene Schreibweisen! Ich sch\u00e4tze mal, es gibt so ca. 10.000 Familien Namens Heidenreich.<\/p>\n\n\n\n<p>Da ich zu Beginn meiner Ahnenforschung vor ca 20 Jahren nicht allzuschnell und allzuweit in die Vergangenheit meiner Familie gekommen bin, kam mir die Idee, eine Internetsammlung \u00fcber Heidenreichs anlegen.<br>Die urspr\u00fcngliche Idee, Links zu anderen Heidenreichseiten, die Sammlung von eMail und Postadressen aller Heidenreichs (Heidenrich, Heidenrycks, Heydenreich, Heydenreych,&#8230;), soweit sie \u00f6ffentlich im Netz zu finden waren, habe ich inzwischen aufgegeben. Der Aufwand, dies alles Aktuell zu halten ist einfach zu gro\u00df. Es gibt aber dennoch wohl genug interessantes \u00fcber Heidenreichs zu erfahren. <\/p>\n\n\n\n<p>Auf diesen Seiten habe ich eine genealogische Sammlung \u00fcber Heidenreichs angelegt.<br>Die bisherigen Daten sind in der Genealogische Datenbank erfasst und k\u00f6nnen nach dem Download der Gedcom-Datei  betrachtet werden. Wenn sie sich bzw ihre Ahnen in dieser Sammlung finden w\u00fcrde ich mich \u00fcber eine Nachricht freuen und ganz besonders, wenn Sie mir Erg\u00e4nzungen und Korrekturen mitteilen. <\/p>\n","protected":false},"excerpt":{"rendered":"<p>Haidenreich, Haitenrich, Heidenreich, Heidenrich, Heidenrijk, Heidentrijk, Heidrich, Heidrick, Heijdenrijk, Heydenreich, Heydenrijck, Heydenrijk, Heydenrych, He\u00ffdenr\u00ffch, Heydenryk, Heydrych usw. Seit dem im Jahre 826 der Name Heidenreich &hellip; <\/p>\n","protected":false},"author":1,"featured_media":0,"parent":0,"menu_order":0,"comment_status":"closed","ping_status":"closed","template":"","meta":{"footnotes":""},"_links":{"self":[{"href":"http:\/\/alle-heidenreich.bplaced.net\/alleheidenreich\/index.php?rest_route=\/wp\/v2\/pages\/9"}],"collection":[{"href":"http:\/\/alle-heidenreich.bplaced.net\/alleheidenreich\/index.php?rest_route=\/wp\/v2\/pages"}],"about":[{"href":"http:\/\/alle-heidenreich.bplaced.net\/alleheidenreich\/index.php?rest_route=\/wp\/v2\/types\/page"}],"author":[{"embeddable":true,"href":"http:\/\/alle-heidenreich.bplaced.net\/alleheidenreich\/index.php?rest_route=\/wp\/v2\/users\/1"}],"replies":[{"embeddable":true,"href":"http:\/\/alle-heidenreich.bplaced.net\/alleheidenreich\/index.php?rest_route=%2Fwp%2Fv2%2Fcomments&post=9"}],"version-history":[{"count":6,"href":"http:\/\/alle-heidenreich.bplaced.net\/alleheidenreich\/index.php?rest_route=\/wp\/v2\/pages\/9\/revisions"}],"predecessor-version":[{"id":198,"href":"http:\/\/alle-heidenreich.bplaced.net\/alleheidenreich\/index.php?rest_route=\/wp\/v2\/pages\/9\/revisions\/198"}],"wp:attachment":[{"href":"http:\/\/alle-heidenreich.bplaced.net\/alleheidenreich\/index.php?rest_route=%2Fwp%2Fv2%2Fmedia&parent=9"}],"curies":[{"name":"wp","href":"https:\/\/api.w.org\/{rel}","templated":true}]}}