{"id":66,"date":"2020-12-29T18:20:40","date_gmt":"2020-12-29T17:20:40","guid":{"rendered":"http:\/\/alle-heidenreich.bplaced.net\/alleheidenreich\/?page_id=66"},"modified":"2020-12-29T18:27:57","modified_gmt":"2020-12-29T17:27:57","slug":"wappenkunde","status":"publish","type":"page","link":"http:\/\/alle-heidenreich.bplaced.net\/alleheidenreich\/?page_id=66","title":{"rendered":"Wappenkunde"},"content":{"rendered":"\n<h3 class=\"has-text-align-center wp-block-heading\">Die Wappen der Heidenreich-Geschlechter<br><\/h3>\n\n\n\n<div class=\"wp-block-columns is-layout-flex wp-container-core-columns-layout-1 wp-block-columns-is-layout-flex\">\n<div class=\"wp-block-column is-layout-flow wp-block-column-is-layout-flow\">\n<div class=\"wp-block-image\"><figure class=\"aligncenter size-large\"><img loading=\"lazy\" decoding=\"async\" width=\"176\" height=\"250\" src=\"http:\/\/alle-heidenreich.bplaced.net\/alleheidenreich\/wp-content\/uploads\/2020\/12\/Melchior1.jpg\" alt=\"\" class=\"wp-image-69\"\/><figcaption>Wappen des Melchior Heidenreich, Amtssch\u00f6sser zu Weissensee um 1611.<br>Diese Linie stammt von den Lehnsrichtern in Gro\u00dfwaltersdorf ab (nach der Wappenbeschreibung gezeichnet von Hajo Heydenreich)<\/figcaption><\/figure><\/div>\n\n\n\n<div class=\"wp-block-image\"><figure class=\"aligncenter size-large is-resized\"><img loading=\"lazy\" decoding=\"async\" src=\"http:\/\/alle-heidenreich.bplaced.net\/alleheidenreich\/wp-content\/uploads\/2020\/12\/Grosswalteralt-1.jpg\" alt=\"\" class=\"wp-image-72\" width=\"191\" height=\"208\"\/><figcaption>Wappen der Gro\u00dfwaltersdorfer Lehnsrichter vor der Erhebung in den Adelsstand 1624<\/figcaption><\/figure><\/div>\n\n\n\n<div class=\"wp-block-image\"><figure class=\"aligncenter size-large is-resized\"><img loading=\"lazy\" decoding=\"async\" src=\"http:\/\/alle-heidenreich.bplaced.net\/alleheidenreich\/wp-content\/uploads\/2020\/12\/Preussisch.jpg\" alt=\"\" class=\"wp-image-75\" width=\"219\" height=\"317\"\/><figcaption>Wappen der preu\u00df. Familie von Heidenreich, in Abstammung von den Heidenreichs aus Gro\u00dfwaltersdorf<br>Wappenbeschreibung:<br>lt. Adelsbrief vom 10.7. u. 18.8.1803<br>In Silber 3 aus wagerechten Astst\u00fcck wachsende Eichenzweige mit je einer Eichel an der Spitze, der mittelste mit 4, die anderen mit je 3 Bl\u00e4ttern, die Helmzier 3 Eichenzweige mit je einer Eichel und 2-4-2 Bl\u00e4ttern<\/figcaption><\/figure><\/div>\n\n\n\n<div class=\"wp-block-image\"><figure class=\"aligncenter size-large is-resized\"><img loading=\"lazy\" decoding=\"async\" src=\"http:\/\/alle-heidenreich.bplaced.net\/alleheidenreich\/wp-content\/uploads\/2020\/12\/Wappen3.jpg\" alt=\"\" class=\"wp-image-78\" width=\"205\" height=\"268\"\/><figcaption>Dieses Wappen mit einem Mann, der ein zum Schlag erhobenes Zimmermannsbeil in der Hand hat wird einem Lienhard Heydenreich zugeschrieben,<br>der dieses Wappen im 15. Jahrhundert verliehen bekam. Keine Region genannt.<\/figcaption><\/figure><\/div>\n\n\n\n<div class=\"wp-block-image\"><figure class=\"aligncenter size-large\"><img loading=\"lazy\" decoding=\"async\" width=\"240\" height=\"250\" src=\"http:\/\/alle-heidenreich.bplaced.net\/alleheidenreich\/wp-content\/uploads\/2020\/12\/Norwegen.jpg\" alt=\"\" class=\"wp-image-81\"\/><figcaption>Heidenreich Wappen<br>aus Norwegen<\/figcaption><\/figure><\/div>\n\n\n\n<div class=\"wp-block-image\"><figure class=\"aligncenter size-large is-resized\"><img loading=\"lazy\" decoding=\"async\" src=\"http:\/\/alle-heidenreich.bplaced.net\/alleheidenreich\/wp-content\/uploads\/2020\/12\/Heidrich1.jpg\" alt=\"\" class=\"wp-image-83\" width=\"219\" height=\"251\" srcset=\"http:\/\/alle-heidenreich.bplaced.net\/alleheidenreich\/wp-content\/uploads\/2020\/12\/Heidrich1.jpg 300w, http:\/\/alle-heidenreich.bplaced.net\/alleheidenreich\/wp-content\/uploads\/2020\/12\/Heidrich1-261x300.jpg 261w\" sizes=\"(max-width: 219px) 100vw, 219px\" \/><figcaption>Heidrich &#8211; Wappen aus dem \u201eB\u00fcrgerlicher Siebmacher\u201c: Waagerecht schwarz und silber geteilt: Drei silberne Schreibfedern, eine senkrecht, die anderen zwei schr\u00e4ggekreuzt. Zwei schr\u00e4ggekreuzte Arme in schwarzen \u00c4rmeln, in jeder Hand eine Schreibfeder<\/figcaption><\/figure><\/div>\n<\/div>\n\n\n\n<div class=\"wp-block-column is-layout-flow wp-block-column-is-layout-flow\">\n<div class=\"wp-block-image\"><figure class=\"aligncenter size-large\"><img loading=\"lazy\" decoding=\"async\" width=\"159\" height=\"250\" src=\"http:\/\/alle-heidenreich.bplaced.net\/alleheidenreich\/wp-content\/uploads\/2020\/12\/Melchior2.jpg\" alt=\"\" class=\"wp-image-70\"\/><figcaption>Unschwer zu erkennen, eine zweite Variante des Melchiorwappens zugeh\u00f6rig dem Vizekanzler Heidenreich in Weimar,<br>Ende 17. Jhdt. Nachkomme der Lehnsrichter zu Gro\u00dfwaltersdorf<br>Stellt Engelskopf und Maiblumenstaude dar<\/figcaption><\/figure><\/div>\n\n\n\n<figure class=\"wp-block-image size-large is-resized\"><img loading=\"lazy\" decoding=\"async\" src=\"http:\/\/alle-heidenreich.bplaced.net\/alleheidenreich\/wp-content\/uploads\/2020\/12\/Doppelwappen.jpg\" alt=\"\" class=\"wp-image-73\" width=\"325\" height=\"197\" srcset=\"http:\/\/alle-heidenreich.bplaced.net\/alleheidenreich\/wp-content\/uploads\/2020\/12\/Doppelwappen.jpg 757w, http:\/\/alle-heidenreich.bplaced.net\/alleheidenreich\/wp-content\/uploads\/2020\/12\/Doppelwappen-300x182.jpg 300w\" sizes=\"(max-width: 325px) 100vw, 325px\" \/><figcaption>Darstellung von Wappen aus der Historika Heidenreichorum : links: eines der \u00e4lteren Wappen der Familie,<br>das auch im Diplomkonzept der 1624 durch Kaiser Ferdinand ausgesprochenen Nobilitierung eins Teils der Grosswaltersdorfer Familie best\u00e4tigt und beschrieben wird,<br>\u201e;\u2026 ein roth oder rubinfarber Schilt, im grundt desselben ein dreyp\u00fchlter gr\u00fcner Berg der mitler beed eussere etwas \u00fcberh\u00f6ht,<br>darob f\u00fcr sich aufrecht die gestalt eines Haidenischen Mans ohne F\u00fce\u00df gespitzt brauner Bartt Vnd langen Haar \u2026 dessen linckhen Arm in die H\u00fcfft sezend,<br>in der rechten Hand aber an einen gr\u00fcnen Stengel drey mit den spitzen vnder sich hangenden Thannzapfen \u2026.<br>Ihrer nat\u00fcrlichen Farb haltend auf dem Schilt ein frey offen Adelichter thurniers Helm, \u2026. vnd darob einer goldtfarbenen K\u00f6niglichen Cron geziert,<br>darrauss erscheint f\u00fcr sich die gestalt erstgenennten Haidnischen Mans\u201c;<br>Die Darstellung des linken Wappens ist vermutlich falsch, vergleicht bitte des N\u00f6rdlinger Wappen!<\/figcaption><\/figure>\n\n\n\n<div class=\"wp-block-image\"><figure class=\"aligncenter size-large is-resized\"><img loading=\"lazy\" decoding=\"async\" src=\"http:\/\/alle-heidenreich.bplaced.net\/alleheidenreich\/wp-content\/uploads\/2020\/12\/Ostpreussen.jpg\" alt=\"\" class=\"wp-image-76\" width=\"207\" height=\"299\" srcset=\"http:\/\/alle-heidenreich.bplaced.net\/alleheidenreich\/wp-content\/uploads\/2020\/12\/Ostpreussen.jpg 534w, http:\/\/alle-heidenreich.bplaced.net\/alleheidenreich\/wp-content\/uploads\/2020\/12\/Ostpreussen-208x300.jpg 208w\" sizes=\"(max-width: 207px) 100vw, 207px\" \/><figcaption>als adliges Wappen im Siebmacher gezeigt, geh\u00f6rt zu einer Familie Heidenreich aus K\u00e4rnten, welche ebenfalls von Gro\u00dfwaltersdorf abstammen k\u00f6nnte<\/figcaption><\/figure><\/div>\n\n\n\n<div class=\"wp-block-image\"><figure class=\"aligncenter size-large is-resized\"><img loading=\"lazy\" decoding=\"async\" src=\"http:\/\/alle-heidenreich.bplaced.net\/alleheidenreich\/wp-content\/uploads\/2020\/12\/Hauszeichen.jpg\" alt=\"\" class=\"wp-image-82\" width=\"198\" height=\"273\" srcset=\"http:\/\/alle-heidenreich.bplaced.net\/alleheidenreich\/wp-content\/uploads\/2020\/12\/Hauszeichen.jpg 234w, http:\/\/alle-heidenreich.bplaced.net\/alleheidenreich\/wp-content\/uploads\/2020\/12\/Hauszeichen-217x300.jpg 217w\" sizes=\"(max-width: 198px) 100vw, 198px\" \/><figcaption>Kein Wappen, sondern ein Hauszeichen, zugeh\u00f6rig den Heidenreich in Rothenburg\/Tauber,<br>ein Epitaph von einer Margaretha Heidenreich. Stellt eine Triangel auf Haken dar, sieht aus wie ein Steinmetzzeichen<\/figcaption><\/figure><\/div>\n\n\n\n<div class=\"wp-block-image\"><figure class=\"aligncenter size-large is-resized\"><img loading=\"lazy\" decoding=\"async\" src=\"http:\/\/alle-heidenreich.bplaced.net\/alleheidenreich\/wp-content\/uploads\/2020\/12\/Heidrich2.jpg\" alt=\"\" class=\"wp-image-84\" width=\"188\" height=\"306\" srcset=\"http:\/\/alle-heidenreich.bplaced.net\/alleheidenreich\/wp-content\/uploads\/2020\/12\/Heidrich2.jpg 250w, http:\/\/alle-heidenreich.bplaced.net\/alleheidenreich\/wp-content\/uploads\/2020\/12\/Heidrich2-184x300.jpg 184w\" sizes=\"(max-width: 188px) 100vw, 188px\" \/><figcaption>Wappen der Nachfahren Johann August Heidrich aus Bad Warmbrunn, Kreis Hischberg\/Schlesien. In Gr\u00fcn ein silberner Schuh \u00fcber einer silbernen Schlange, die den Schuh in die Ferse bei\u00dft. Auf dem gr\u00fcn-silbern bewulsteten Helm mit gr\u00fcn-silbernen Decken ein silbern bewehrter Ziegenrumpf zwischen einem gr\u00fcnen, mit silbernen Balken belegten Flug<\/figcaption><\/figure><\/div>\n<\/div>\n\n\n\n<div class=\"wp-block-column is-layout-flow wp-block-column-is-layout-flow\">\n<div class=\"wp-block-image\"><figure class=\"aligncenter size-large is-resized\"><img loading=\"lazy\" decoding=\"async\" src=\"http:\/\/alle-heidenreich.bplaced.net\/alleheidenreich\/wp-content\/uploads\/2020\/12\/Grosswaltersdorfvor1624-1.jpg\" alt=\"\" class=\"wp-image-71\" width=\"185\" height=\"246\"\/><figcaption>Zeichnung nach Original von Dieter Heidenreich &#8211; Dresden 2005 (15)<\/figcaption><\/figure><\/div>\n\n\n\n<div class=\"wp-block-image\"><figure class=\"aligncenter size-large is-resized\"><img loading=\"lazy\" decoding=\"async\" src=\"http:\/\/alle-heidenreich.bplaced.net\/alleheidenreich\/wp-content\/uploads\/2020\/12\/Haydenreich.jpg\" alt=\"\" class=\"wp-image-74\" width=\"188\" height=\"243\"\/><figcaption>Dieses Wappen existiert lt. Siebmacher \u00e4hnlich in 3 Familien und zeigt: Pflugschar bzw. Schaufel mit Kleebl\u00e4ttern<br>a) &#8211; Haidenreich in der Steiermark, urspr\u00fcnglich aus Rattenberg\/Tirol<br>b) &#8211; Haidenreich von Pidenegg in Gerzen\/Niederbayern<br>c) &#8211; Haydenreich in Bayern<\/figcaption><\/figure><\/div>\n\n\n\n<figure class=\"wp-block-image size-large\"><img loading=\"lazy\" decoding=\"async\" width=\"490\" height=\"390\" src=\"http:\/\/alle-heidenreich.bplaced.net\/alleheidenreich\/wp-content\/uploads\/2020\/12\/Noerdlingen.jpg\" alt=\"\" class=\"wp-image-77\" srcset=\"http:\/\/alle-heidenreich.bplaced.net\/alleheidenreich\/wp-content\/uploads\/2020\/12\/Noerdlingen.jpg 490w, http:\/\/alle-heidenreich.bplaced.net\/alleheidenreich\/wp-content\/uploads\/2020\/12\/Noerdlingen-300x239.jpg 300w\" sizes=\"(max-width: 490px) 100vw, 490px\" \/><figcaption>Wappen der Heidenreichs in N\u00f6rdlingen<br>(siehe auch Wappen 11 links)<\/figcaption><\/figure>\n\n\n\n<div class=\"wp-block-image\"><figure class=\"aligncenter size-large\"><img loading=\"lazy\" decoding=\"async\" width=\"202\" height=\"250\" src=\"http:\/\/alle-heidenreich.bplaced.net\/alleheidenreich\/wp-content\/uploads\/2020\/12\/Wappen5.jpg\" alt=\"\" class=\"wp-image-80\"\/><figcaption>die Br\u00fcder Johann und David Heidenreich erhalten dieses Wappen in einen kaiserlichen Wappenbrief,<br>Jhdt. ohne genauere Datierung, Es Zeigt einen Pelikan bzw Schwan mit Jungen und Sterne<\/figcaption><\/figure><\/div>\n\n\n\n<p><br><br>All diese Wappen stammen aus:<\/p>\n\n\n\n<ul><li>Stammbaum der Familie Heydenreich 1401-2001<\/li><li>YahooHeidenreichGroup<\/li><li>Sammlung J\u00f6rg Uwe Praetz, Joerg.Praetz@t-online.de www.praetz.com<\/li><li>Wappenbeschreibung (4) lt. Wappenbuch d. Pr. Monarchie III Tafel 42<\/li><li>Familienforschung Sehrbundt <\/li><li>Historika Heidenreichcorum<\/li><li>Website Roland Heidrich<\/li><li>\u00dcberlassung von Rainer Sperling<\/li><li>Zeichnung nach Original von Dieter Heidenreich &#8211; Dresden 2005 (15)<\/li><\/ul>\n\n\n\n<p class=\"has-text-align-center\"><br>Ein weiteres Wappen ohne Abbildung :<br><strong>Zwei \u00c4hren + zwei Sterne<\/strong><br>Heydenreich in Berlin, zur\u00fcckgef\u00fchrt auf einen Martin Heidenreich, der Mitte 17. Jhdt.<br>reitender F\u00f6rster in th\u00fcringischen Diensten war, eingereicht von einem Dr. der Staatswissenschaften Heydenreich in Berlin<\/p>\n<\/div>\n<\/div>\n\n\n\n<p><\/p>\n","protected":false},"excerpt":{"rendered":"<p>Die Wappen der Heidenreich-Geschlechter All diese Wappen stammen aus: Stammbaum der Familie Heydenreich 1401-2001 YahooHeidenreichGroup Sammlung J\u00f6rg Uwe Praetz, Joerg.Praetz@t-online.de www.praetz.com Wappenbeschreibung (4) lt. Wappenbuch &hellip; <\/p>\n","protected":false},"author":1,"featured_media":0,"parent":0,"menu_order":0,"comment_status":"closed","ping_status":"closed","template":"","meta":{"footnotes":""},"_links":{"self":[{"href":"http:\/\/alle-heidenreich.bplaced.net\/alleheidenreich\/index.php?rest_route=\/wp\/v2\/pages\/66"}],"collection":[{"href":"http:\/\/alle-heidenreich.bplaced.net\/alleheidenreich\/index.php?rest_route=\/wp\/v2\/pages"}],"about":[{"href":"http:\/\/alle-heidenreich.bplaced.net\/alleheidenreich\/index.php?rest_route=\/wp\/v2\/types\/page"}],"author":[{"embeddable":true,"href":"http:\/\/alle-heidenreich.bplaced.net\/alleheidenreich\/index.php?rest_route=\/wp\/v2\/users\/1"}],"replies":[{"embeddable":true,"href":"http:\/\/alle-heidenreich.bplaced.net\/alleheidenreich\/index.php?rest_route=%2Fwp%2Fv2%2Fcomments&post=66"}],"version-history":[{"count":3,"href":"http:\/\/alle-heidenreich.bplaced.net\/alleheidenreich\/index.php?rest_route=\/wp\/v2\/pages\/66\/revisions"}],"predecessor-version":[{"id":89,"href":"http:\/\/alle-heidenreich.bplaced.net\/alleheidenreich\/index.php?rest_route=\/wp\/v2\/pages\/66\/revisions\/89"}],"wp:attachment":[{"href":"http:\/\/alle-heidenreich.bplaced.net\/alleheidenreich\/index.php?rest_route=%2Fwp%2Fv2%2Fmedia&parent=66"}],"curies":[{"name":"wp","href":"https:\/\/api.w.org\/{rel}","templated":true}]}}