{"id":61,"date":"2020-12-29T17:23:44","date_gmt":"2020-12-29T16:23:44","guid":{"rendered":"http:\/\/alle-heidenreich.bplaced.net\/alleheidenreich\/?page_id=61"},"modified":"2020-12-29T17:23:45","modified_gmt":"2020-12-29T16:23:45","slug":"zins-opfer","status":"publish","type":"page","link":"http:\/\/alle-heidenreich.bplaced.net\/alleheidenreich\/?page_id=61","title":{"rendered":"Zins-Opfer"},"content":{"rendered":"\n<p>Die Opfer der Zinswirtschaft Sie wollten leben, doch sie durften nicht !! Diese Seite ist den in den Weltkriegen get\u00f6teten Opfern der Zinswirtschaft gewidmet.<\/p>\n\n\n\n<p><strong>1. Weltkrieg<\/strong><br><br>Adolf Heidenreich geopfert am 00.00.1916<\/p>\n\n\n\n<p>Adolf Heidenreich geopfert am 01.08.1916<\/p>\n\n\n\n<p>Adolf Heidenreich geopfert am 18.09.1915<\/p>\n\n\n\n<p>Albert Heydenreich geopfert am 03.07.1918<\/p>\n\n\n\n<p>Albert Heidenreich geopfert am 10.09.1914<\/p>\n\n\n\n<p>Albert Heidenreich geopfert am 29.05.1915<\/p>\n\n\n\n<p>Albin Heidenreich geopfert am 27.06.1918<\/p>\n\n\n\n<p>Albin Heidenreich geopfert am 29.05.1918<\/p>\n\n\n\n<p>Alfred Heidenreich geopfert am 25.03.1917<\/p>\n\n\n\n<p>Alfred Heidenreich geopfert am 16.07.1918<\/p>\n\n\n\n<p>Arthur Heidenreich geopfert am 02.07.1916<\/p>\n\n\n\n<p>August Heidenreich geopfert am 04.01.1915<\/p>\n\n\n\n<p>August Heidenreich geopfert am 06.02.1917<\/p>\n\n\n\n<p>Bernhard Heidenreich geopfert am 28.09.1917<\/p>\n\n\n\n<p>Bruno Heidenreich *07.11.1896 geopfert am 11.09.1919<\/p>\n\n\n\n<p>Eduard Heidenreich *10.04.1893 geopfert am 15.02.1915<\/p>\n\n\n\n<p>Egon Heidenreich geopfert am 00.00.1914<\/p>\n\n\n\n<p>Emil Heidenreich geopfert am 06.08.1918<\/p>\n\n\n\n<p>Emil Heidenreich geopfert am 26.04.1917<\/p>\n\n\n\n<p>Emil Heidenreich geopfert am 27.03.1918<\/p>\n\n\n\n<p>Ernst Heidenreich geopfert am 18.03.1917<\/p>\n\n\n\n<p>Ernst Heidenreich geopfert am 14.06.1917<\/p>\n\n\n\n<p>Ewald Heidenreich geopfert am 28.05.1916<\/p>\n\n\n\n<p>Ewald Heidenreich geopfert am 07.11.1914<\/p>\n\n\n\n<p>Franz Heidenreich geopfert am 03.08.1917<\/p>\n\n\n\n<p>Franz Heidenreich geopfert am 24.08.1915<\/p>\n\n\n\n<p>Friedrich Heidenreich geopfert am 13.08.1917<\/p>\n\n\n\n<p>Friedrich Heidenreich geopfert am 21.03.1915<\/p>\n\n\n\n<p>Friedrich Heidenreich geopfert am 28.11.1916<\/p>\n\n\n\n<p>Friedrich Heidenreich geopfert am 27.07.1918<\/p>\n\n\n\n<p>Friedrich Heidenreich geopfert am 18.08.1916<\/p>\n\n\n\n<p>Georg Heidenreich geopfert am 26.03.1929<\/p>\n\n\n\n<p>Georg Heidenreich geopfert am 23.02.1915<\/p>\n\n\n\n<p>Georg Heidenreich geopfert am 04.07.1915<\/p>\n\n\n\n<p>Georg Heydenreich geopfert am 12.03.1916<\/p>\n\n\n\n<p>Georg Heidenreich geopfert am 28.05.1917<\/p>\n\n\n\n<p>Georg Heidenreich geopfert am 30.08.1915<\/p>\n\n\n\n<p>Georg Heidenreich geopfert am 09.05.1915<\/p>\n\n\n\n<p>Gerhard Heydenreich geopfert am 23.08.1914<\/p>\n\n\n\n<p>Gottfried Heidenreich geopfert am 18.05.1915<\/p>\n\n\n\n<p>Gustav Heidenreich geopfert am 30.05.1915<\/p>\n\n\n\n<p>Hans Heidenreich geopfert am 18.04.1918<\/p>\n\n\n\n<p>Harald Heidenreich geopfert am 15.12.1916<\/p>\n\n\n\n<p>Heinrich Heidenreich geopfert am 04.03.1919<\/p>\n\n\n\n<p>Heinrich Heidenreich geopfert am 25.08.1917<\/p>\n\n\n\n<p>Hermann Heidenrich geopfert am 14.08.1918<\/p>\n\n\n\n<p>Hermann Heidenreich geopfert am 08.11.1915<\/p>\n\n\n\n<p>Hermann Heidenreich geopfert am 03.05.1917<\/p>\n\n\n\n<p>Hermann Heidenreich geopfert am 17.02.1917<\/p>\n\n\n\n<p>Hugo Heidenreich *23.12.1878 geopfert am 08.03.1920<\/p>\n\n\n\n<p>Ignatz Heidenreich geopfert am 10.06.1916<\/p>\n\n\n\n<p>Jakob Heidenreich geopfert am 28.07.1916<\/p>\n\n\n\n<p>Johann Heidenreich geopfert am 08.07.1917<\/p>\n\n\n\n<p>Johann Heidenreich geopfert am 21.10.1914<\/p>\n\n\n\n<p>Johann Heidenreich geopfert am 24.03.1918<\/p>\n\n\n\n<p>Johann Heidenreich geopfert am 23.11.1915<\/p>\n\n\n\n<p>Johannes Heidenreich geopfert am 07.05.1918<\/p>\n\n\n\n<p>Johannes Heidenreich geopfert am 02.06.1917<\/p>\n\n\n\n<p>Josef Heidenreich geopfert am 29.09.1917<\/p>\n\n\n\n<p>Josef Heidenreich geopfert am 09.07.1915<\/p>\n\n\n\n<p>Josef Heidenreich geopfert am 09.04.1916<\/p>\n\n\n\n<p>Joseph Heidenreich geopfert am 26.08.1918<\/p>\n\n\n\n<p>Joseph Heidenreich geopfert am 14.04.1918<\/p>\n\n\n\n<p>Karl Heidenreich geopfert am 08.03.1916<\/p>\n\n\n\n<p>Karl Heidenrich geopfert am 13.09.1915<\/p>\n\n\n\n<p>Karl Heidenreich *17.07.1894 geopfert am 09.04.1916<\/p>\n\n\n\n<p>Karl Heidenreich geopfert am 17.09.1918<\/p>\n\n\n\n<p>Karl Heydenreich geopfert am 10.10.1916<\/p>\n\n\n\n<p>Karl Heidenreich geopfert am 09.07.1918<\/p>\n\n\n\n<p>Karl Heidenreich geopfert am 12.06.1916<\/p>\n\n\n\n<p>Karl Heidenreich geopfert am 10.06.1918<\/p>\n\n\n\n<p>Karl Heidenreich geopfert am 12.07.1916<\/p>\n\n\n\n<p>Leonhard Heidenreich geopfert am 12.10.1916<\/p>\n\n\n\n<p>Ludwig Heidenreich geopfert am 12.08.1915<\/p>\n\n\n\n<p>Ludwig Heidenreich *12.01.1879 geopfert am 26.11.1918<\/p>\n\n\n\n<p>Martin Heidenreich geopfert am 20.08.1914<\/p>\n\n\n\n<p>Max Heidenreich geopfert am 01.11.1914<\/p>\n\n\n\n<p>Max Heidenreich geopfert am 29.09.1916<\/p>\n\n\n\n<p>Michael Heidenreich geopfert am 27.06.1918<\/p>\n\n\n\n<p>Nikolaus Heidenreich geopfert am 22.08.1914<\/p>\n\n\n\n<p>Oswald Heidenreich geopfert am 11.12.1916<\/p>\n\n\n\n<p>Otto Heidenreich geopfert am 29.10.1918<\/p>\n\n\n\n<p>Otto Heidenreich geopfert am 09.07.1918<\/p>\n\n\n\n<p>Otto Heidenreich geopfert am 17.06.1917<\/p>\n\n\n\n<p>Otto Heidenreich geopfert am 08.04.1915<\/p>\n\n\n\n<p>Otto Heidenreich geopfert am 17.05.1918<\/p>\n\n\n\n<p>Otto Heydenreich geopfert am 30.11.1915<\/p>\n\n\n\n<p>Otto Heidenreich geopfert am 04.05.1918<\/p>\n\n\n\n<p>Paul Heidenreich geopfert am 18.09.1916<\/p>\n\n\n\n<p>Paul Heidenreich geopfert am 01.05.1918<\/p>\n\n\n\n<p>Paul Heidenreich geopfert am 01.06.1917<\/p>\n\n\n\n<p>Paul Heidenreich geopfert am 12.04.1918<\/p>\n\n\n\n<p>Paul Heidenreich geopfert am 07.04.1918<\/p>\n\n\n\n<p>Paul Heidenreich geopfert am 19.04.1918<\/p>\n\n\n\n<p>Paul Heidenreich geopfert am 22.08.1917<\/p>\n\n\n\n<p>Paul Heidenreich geopfert am 25.08.1919<\/p>\n\n\n\n<p>Peter Heidenreich geopfert am 04.05.1916<\/p>\n\n\n\n<p>Peter Heidenreich geopfert am 29.04.1917<\/p>\n\n\n\n<p>Richard Heidenreich geopfert am 09.10.1915<\/p>\n\n\n\n<p>Richard Heidenreich *03.12.1909 geopfert am 12.09.1914<\/p>\n\n\n\n<p>Richard Heidenreich geopfert am 27.05.1915<\/p>\n\n\n\n<p>Wilhelm Heidenreich geopfert am 21.11.1918<\/p>\n\n\n\n<p>Wilhelm Heidenreich geopfert am 03.09.1914<\/p>\n\n\n\n<p>Wilhelm Heidenreich geopfert am 28.10.1918<\/p>\n\n\n\n<p>Wilhelm Heidenreich geopfert am 23.07.1917<\/p>\n\n\n\n<p>Wilhelm Heidenreich *03.02.1879 geopfert am 08.03.1920<\/p>\n\n\n\n<p>Willi Heidenreich geopfert am 25.01.1917<\/p>\n\n\n\n<p>Willi Heidenreich geopfert am 23.08.1914<\/p>\n\n\n\n<p>Willy Heydenreich geopfert am 17.10.1916<\/p>\n\n\n\n<p><strong>2. Weltkrieg<\/strong><\/p>\n\n\n\n<p>Adalbert Heidenreich *09.10.1920 geopfert am 30.08.1944<\/p>\n\n\n\n<p>Adam Heidenreich *11.09.1901 geopfert am 19.11.1943<\/p>\n\n\n\n<p>Adolf Heidenreich *07.07.1918 geopfert am 29.11.1943<\/p>\n\n\n\n<p>Adolf Heidenreich *27.08.1911 geopfert am 28.12.1944<\/p>\n\n\n\n<p>Adolf Heidenreich *12.06.1924 geopfert am 18.10.1944<\/p>\n\n\n\n<p>Adolf Heidenreich *20.10.1907 geopfert am 25.06.1941<\/p>\n\n\n\n<p>Albert Heidenreich *24.11.1909 geopfert am 13.11.1942<\/p>\n\n\n\n<p>Albert Heidenreich *06.09.1909 geopfert am 10.08.1943<\/p>\n\n\n\n<p>Albert Heidenreich *14.06.1923 geopfert am 23.09.1942<\/p>\n\n\n\n<p>Alexander Heidenreich *02.02.1916 geopfert am 11.02.1945<\/p>\n\n\n\n<p>Alfons Bernhard Heidenreich *07.06.1913 geopfert am 20.04.1945<\/p>\n\n\n\n<p>Alfred Heidenreich *30.01.1911 geopfert am 08.07.1944<\/p>\n\n\n\n<p>Alfred Heidenreich *16.06.1919 geopfert am 23.09.1939<\/p>\n\n\n\n<p>Alfred Heydenreich *10.07.1922 geopfert am 04.06.1944<\/p>\n\n\n\n<p>Alfred Heidenreich *08.01.1910 geopfert am 01.01.1943<\/p>\n\n\n\n<p>Alfred Heidenreich *30.05.1910 geopfert am 09.07.1941<\/p>\n\n\n\n<p>Alfred Johann Hinrich Heidenreich *21.04.1923 geopfert am 00.09.1944<\/p>\n\n\n\n<p>Alois Heidenreich *17.06.1920 geopfert am 01.03.1944<\/p>\n\n\n\n<p>Alwin Heidenreich *00.00.1917 geopfert am 24.10.1944<\/p>\n\n\n\n<p>Annelie Heidenreich *11.09.1871 geopfert am 09.08.1946<\/p>\n\n\n\n<p>Anneliese Heidenreich *23.06.1913 geopfert am 22.10.1943<\/p>\n\n\n\n<p>Anton Heidenreich *26.03.1926 geopfert am 28.12.1944<\/p>\n\n\n\n<p>Anton Heidenreich *15.06.1913 geopfert am 08.04.1941<\/p>\n\n\n\n<p>Arthur Heidenreich *19.03.1901 geopfert am 22.06.1940<\/p>\n\n\n\n<p>Arthur Friedrich Heidenreich *20.08.1919 geopfert am 02.09.1942<\/p>\n\n\n\n<p>August Friedrich Karl Heidenreich *27.04.1902 geopfert am 28.04.1944<\/p>\n\n\n\n<p>Auguste Heidenreich *09.07.1918 geopfert am 22.10.1943<\/p>\n\n\n\n<p>Babette Heidenreich *12.12.1881 geopfert am 29.01.1944<\/p>\n\n\n\n<p>Berndt Heydenreich *09.09.1923 geopfert am 16.09.1941<\/p>\n\n\n\n<p>Bernhard Heidenreich *07.11.1913 geopfert am 16.04.1944<\/p>\n\n\n\n<p>Bernhard Heidenreich *15.08.1928 geopfert am 00.04.1945<\/p>\n\n\n\n<p>Christoph Heidenreich *30.10.1908 geopfert am 09.03.1942<\/p>\n\n\n\n<p>Eckard Heidenreich *01.04.1925 geopfert am 26.03.1945<\/p>\n\n\n\n<p>Eduard Heidenreich *09.04.1908 geopfert am 00.08.1944<\/p>\n\n\n\n<p>Eduard Heidenreich *30.11.1923 geopfert am 21.10.1943<\/p>\n\n\n\n<p>Eduard Heidenreich *02.05.1921 geopfert am 10.10.1941<\/p>\n\n\n\n<p>Elise Heidenreich *19.05.1888 geopfert am 22.03.1944<\/p>\n\n\n\n<p>Erich Heidenreich *16.10.1910 geopfert am 07.01.1943<\/p>\n\n\n\n<p>Erich Heidenreich *11.09.1924 geopfert am 06.09.1943<\/p>\n\n\n\n<p>Erich Heidenreich *29.10.1915 geopfert am 10.02.1945<\/p>\n\n\n\n<p>Erna Heidenreich *16.01.1906 geopfert am 22.03.1944<\/p>\n\n\n\n<p>Ernst Heidenreich *19.10.1902 geopfert am 06.03.1945<\/p>\n\n\n\n<p>Erwin Heidenreich *17.06.1921 geopfert am 13.03.1945<\/p>\n\n\n\n<p>Erwin Heidenreich *07.02.1919 geopfert am 26.10.1941<\/p>\n\n\n\n<p>Erwin Heidenreich *11.01.1911 geopfert am 22.12.1943<\/p>\n\n\n\n<p>Erwin Heidenreich *22.10.1904 geopfert am 16.08.1944<\/p>\n\n\n\n<p>Ewald Heidenreich *06.12.1914 geopfert am 01.01.1943<\/p>\n\n\n\n<p>Ewald Heidenreich *02.02.1918 geopfert am 12.11.1944<\/p>\n\n\n\n<p>Ewald Wilhelm Heidenreich *24.05.1922 geopfert am 16.11.1942<\/p>\n\n\n\n<p>Franz Heidenreich *02.11.1903 geopfert am 13.03.1943<\/p>\n\n\n\n<p>Franz Heidenreich *22.07.1912 geopfert am 01.12.1942<\/p>\n\n\n\n<p>Franz Heidenreich *21.03.1924 geopfert am 27.08.1944<\/p>\n\n\n\n<p>Franz Heidenreich *05.10.1882 geopfert am 27.04.1943<\/p>\n\n\n\n<p>Franz Heidenreich *23.12.1912 geopfert am 10.04.1943<\/p>\n\n\n\n<p>Franz Heidenreich *08.10.1907 geopfert am 22.09.1944<\/p>\n\n\n\n<p>Franz Heidenreich *22.07.1908 geopfert am 28.02.1944<\/p>\n\n\n\n<p>Franz Heidenreich *20.09.1915 geopfert am abt 1945?<\/p>\n\n\n\n<p>Friedrich Heidenreich *00.00.1921 geopfert am 00.03.1944<\/p>\n\n\n\n<p>Friedrich Heydenreich *18.06.1900 geopfert am 09.11.1943<\/p>\n\n\n\n<p>Friedrich Heidenreich *19.09.1920 geopfert am 02.05.1945<\/p>\n\n\n\n<p>Friedrich Heidenreich *05.08.1917 geopfert am 06.08.1943<\/p>\n\n\n\n<p>Friedrich Heidenreich geopfert am 00.04.1945<\/p>\n\n\n\n<p>Friedrich Heidenreich *02.07.1921 geopfert am 15.09.1944<\/p>\n\n\n\n<p>Friedrich Albert Heidenreich *04.12.1890 geopfert am 12.45\/01.1946<\/p>\n\n\n\n<p>Friedrich Josef Konrad Heidenreich *03.03.1926 geopfert am 06.03.1945<\/p>\n\n\n\n<p>Friedrich Karl Heidenreich *04.10.1907 geopfert am 22.12.1942<\/p>\n\n\n\n<p>Fritz Heidenreich *21.02.1901 geopfert am 11.03.1945<\/p>\n\n\n\n<p>Fritz Heidenreich *31.03.1919 geopfert am 03.09.1943<\/p>\n\n\n\n<p>Fritz Heidenreich *11.01.1923 geopfert am 06.04.1942<\/p>\n\n\n\n<p>Fritz Heidenreich *02.07.1909 geopfert am 24.02.1946<\/p>\n\n\n\n<p>Fritz Heydenreich *25.04.1910 geopfert am 29.01.1945<\/p>\n\n\n\n<p>Fritz Heidenreich *25.12.1908 geopfert am 03.01.1943<\/p>\n\n\n\n<p>Fritz Heidenreich *13.05.1926 geopfert am 05.10.1944<\/p>\n\n\n\n<p>Fritz Heidenreich *24.01.1914 geopfert am 21.04.1944<\/p>\n\n\n\n<p>Fritz Heidenreich *15.03.1897 geopfert am 14.02.1945<\/p>\n\n\n\n<p>Fritz Heidenreich *09.05.1925 geopfert am 09.02.1945<\/p>\n\n\n\n<p>Georg Heidenreich *14.05.1924 geopfert am 04.01.1945<\/p>\n\n\n\n<p>Georg Heidenreich *22.06.1920 geopfert am 07.06.1944<\/p>\n\n\n\n<p>Georg Heidenreich *15.07.1914 geopfert am 19.05.1940<\/p>\n\n\n\n<p>Georg Heidenreich *27.12.1914 geopfert am 24.10.1941<\/p>\n\n\n\n<p>Georg Fritz Heidenreich *12.01.1924 geopfert am 30.03.1943<\/p>\n\n\n\n<p>Georg Josef Heidenreich *28.12.1907 geopfert am 26.07.1944<\/p>\n\n\n\n<p>Gerhard Heidenreich *07.02.1923 geopfert am abt 1945?<\/p>\n\n\n\n<p>Gerhard Heidenreich *24.09.1919 geopfert am 01.10.1942<\/p>\n\n\n\n<p>Gerhard Heidenreich *24.10.1916 geopfert am 29.09.1944<\/p>\n\n\n\n<p>G\u00fcnter Heidenreich *07.10.1922 geopfert am 07.04.1944<\/p>\n\n\n\n<p>G\u00fcnter Heidenreich *15.05.1925 geopfert am 31.08.1944<\/p>\n\n\n\n<p>Gustav Heidenreich *31.03.1920 geopfert am 18.11.1943<\/p>\n\n\n\n<p>Gustav Heidenreich *04.11.1920 geopfert am 19.07.1941<\/p>\n\n\n\n<p>Gustav Heidenreich *28.11.1916 geopfert am 16.01.1945<\/p>\n\n\n\n<p>Gustav Heidenreich *12.09.1912 geopfert am 14.10.1941<\/p>\n\n\n\n<p>Gustav Heidenreich *13.03.1925 geopfert am 00.03.1945<\/p>\n\n\n\n<p>Hans Heidenreich *25.05.1923 geopfert am 14.01.1945<\/p>\n\n\n\n<p>Hans Heidenreich *07.08.1909 geopfert am 06.02.1943<\/p>\n\n\n\n<p>Hans Heidenreich *11.09.1919 geopfert am 06.12.1944<\/p>\n\n\n\n<p>Hans Heidenreich *06.10.1921 geopfert am 21.07.1944<\/p>\n\n\n\n<p>Hans Heidenreich *03.05.1915 geopfert am 05.02.1942<\/p>\n\n\n\n<p>Hans Heidenreich *20.02.1922 geopfert am 24.07.1942<\/p>\n\n\n\n<p>Hans-Heinz Heidenreich *13.05.1921 geopfert am 06.08.1944<\/p>\n\n\n\n<p>Harry Heidenreich *17.03.1926 geopfert am 14.09.1944<\/p>\n\n\n\n<p>Heinrich Heidenreich *15.04.1918 geopfert am abt 1945<\/p>\n\n\n\n<p>Heinrich Heidenreich *29.06.1898 geopfert am 25.02.1942<\/p>\n\n\n\n<p>Heinrich Heidenreich *11.01.1920 geopfert am 10.08.1944<\/p>\n\n\n\n<p>Heinrich Heidenreich *23.08.1891 geopfert am 30.06.1945<\/p>\n\n\n\n<p>Heinz Heidenreich *29.07.1924 geopfert am 21.08.1944<\/p>\n\n\n\n<p>Heinz Heidenreich *10.06.1922 geopfert am 23.09.1942<\/p>\n\n\n\n<p>Heinz Heidenreich *23.12.1918 geopfert am 20.08.1943<\/p>\n\n\n\n<p>Heinz Heidenreich *05.11.1924 geopfert am 06.08.1944<\/p>\n\n\n\n<p>Heinz Heidenreich *04.07.1923 geopfert am 01.10.1942<\/p>\n\n\n\n<p>Helmut Heidenreich *06.03.1916 geopfert am 29.02.1944<\/p>\n\n\n\n<p>Helmut Heidenreich *29.04.1910 geopfert am 00.03.1945<\/p>\n\n\n\n<p>Helmut Heidenreich *12.05.1927 geopfert am 01.03.1945<\/p>\n\n\n\n<p>Helmut Hektor Heidenreich *30.12.1911 geopfert am 25.04.1945<\/p>\n\n\n\n<p>Helmuth Heidenreich *01.05.1927 geopfert am 20.01.1945<\/p>\n\n\n\n<p>Herbert Heydenreich *03.01.1908 geopfert am 18.12.1943<\/p>\n\n\n\n<p>Herbert Heidenreich *14.07.1920 geopfert am 11.09.1941<\/p>\n\n\n\n<p>Herbert Heidenreich *06.11.1913 geopfert am 20.12.1944<\/p>\n\n\n\n<p>Herbert Heidenreich *22.05.1907 geopfert am 00.11.1944<\/p>\n\n\n\n<p>Hermann Heidenreich *29.06.1918 geopfert am 25.11.1944<\/p>\n\n\n\n<p>Hermann Heidenreich *22.01.1912 geopfert am 14.12.1944<\/p>\n\n\n\n<p>Hermann Heidenreich *25.04.1914 geopfert am 17.11.1942<\/p>\n\n\n\n<p>Hermann Heidenreich *17.01.1923 geopfert am 16.09.1944<\/p>\n\n\n\n<p>Hermann Heidenreich *11.04.1907 geopfert am 07.04.1943<\/p>\n\n\n\n<p>Hermann Heidenreich *01.02.1920 geopfert am 12.02.1944<\/p>\n\n\n\n<p>Hermann Heidenreich *05.08.1904 geopfert am 01.01.1945<\/p>\n\n\n\n<p>Hermann Heydenreich *15.07.1918 geopfert am 16.09.1944<\/p>\n\n\n\n<p>Hermann Gustav Adolf Heydenreich *01.01.1925 geopfert am 01.01.1945<\/p>\n\n\n\n<p>Herward Heidenreich *23.11.1915 geopfert am 17.11.1945<\/p>\n\n\n\n<p>Horst Heidenreich *07.11.1923 geopfert am 04.09.1942<\/p>\n\n\n\n<p>Horst Kurt Richard Heidenreich *31.03.1916 geopfert am 13.04.1945<\/p>\n\n\n\n<p>Hubert Heidenreich *05.10.1926 geopfert am 11.02.1945<\/p>\n\n\n\n<p>Hugo Heidenreich *08.11.1906 geopfert am 26.01.1945<\/p>\n\n\n\n<p>Ingo Heidenreich *07.01.1923 geopfert am 22.07.1941<\/p>\n\n\n\n<p>Jakob Heidenreich *27.12.1913 geopfert am abt 1943<\/p>\n\n\n\n<p>Jakob Heidenreich *10.02.1914 geopfert am 06.01.1942<\/p>\n\n\n\n<p>Jakob Heidenreich *21.01.1921 geopfert am 01.01.1943<\/p>\n\n\n\n<p>Joachim Heidenreich *26.04.1916 geopfert am 18.09.1944<\/p>\n\n\n\n<p>Johann Heidenreich *27.01.1903 geopfert am 29.01.1945<\/p>\n\n\n\n<p>Johann Heidenreich *27.05.1921 geopfert am 26.09.1941<\/p>\n\n\n\n<p>Johann Heidenreich *08.12.1919 geopfert am 11.02.1942<\/p>\n\n\n\n<p>J\u00f6rn Heidenreich *10.09.1920 geopfert am 15.10.1944<\/p>\n\n\n\n<p>Josef Heidenreich geopfert am 00.00.1945<\/p>\n\n\n\n<p>Josef Heydenreich *21.03.1910 geopfert am 24.02.1944<\/p>\n\n\n\n<p>Josef Heidenreich *20.04.1926 geopfert am 30.01.1945<\/p>\n\n\n\n<p>Josef Heidenreich *10.04.1913 geopfert am 28.08.1943<\/p>\n\n\n\n<p>Josef Heidenreich *18.03.1901 geopfert am 00.00.1944<\/p>\n\n\n\n<p>Josef Mathias Heidenreich *17.02.1926 geopfert am 22.03.1945<\/p>\n\n\n\n<p>Josefine Christine Amalie Heidenreich *27.01.1871 geopfert am 14.03.1941<\/p>\n\n\n\n<p>Justus August Heidenreich *06.04.1919 geopfert am 10.09.1942<\/p>\n\n\n\n<p>Karl August Ferdinand Heidenreich *20.07.1913 geopfert am 24.06.1942<\/p>\n\n\n\n<p>Karl Heidenreich *16.10.1912 geopfert am 03.09.1942<\/p>\n\n\n\n<p>Karl Heidenreich *28.08.1927 geopfert am 00.02.1945<\/p>\n\n\n\n<p>Karl Heidenreich *05.01.1918 geopfert am 31.07.1942<\/p>\n\n\n\n<p>Karl Heidenreich *10.10.1901 geopfert am 04.10.1945<\/p>\n\n\n\n<p>Karl Heidenreich *09.09.1913 geopfert am 00.12.1944<\/p>\n\n\n\n<p>Karl Heidenreich *15.03.1926 geopfert am 26.11.1944<\/p>\n\n\n\n<p>Karl Heidenreich *11.06.1906 geopfert am 29.09.1943<\/p>\n\n\n\n<p>Karl Friedrich Heidenreich *15.02.1916 geopfert am 05.01.1942<\/p>\n\n\n\n<p>Karl-Heinz Heidenreich *15.12.1914 geopfert am 26.08.1940<\/p>\n\n\n\n<p>Karl-Heinz Heidenreich *18.05.1920 geopfert am 06.09.1943<\/p>\n\n\n\n<p>Karl-Heinz Heidenreich *05.03.1919 geopfert am 11.09.1939<\/p>\n\n\n\n<p>Karl-Heinz Heidenreich *16.10.1925 geopfert am 12.08.1944<\/p>\n\n\n\n<p>Konrad Emil Heydenreich *21.05.1916 geopfert am 26.03.1943<\/p>\n\n\n\n<p>Kurt Heidenreich *18.09.1925 geopfert am 17.09.1944<\/p>\n\n\n\n<p>Kurt Heidenreich *18.07.1920 geopfert am 26.12.1943<\/p>\n\n\n\n<p>Kurt Heidenreich *03.10.1918 geopfert am 21.08.1944<\/p>\n\n\n\n<p>Kurt Heidenreich *08.01.1912 geopfert am 30.07.1944<\/p>\n\n\n\n<p>Kurt Heydenreich *12.10.1919 geopfert am 18.07.1944<\/p>\n\n\n\n<p>Kurt Bruno Heidenreich *06.11.1908 geopfert am 01.09.1943<\/p>\n\n\n\n<p>Kurt Gottfried Hermann Heidenreich *09.04.1911 geopfert am 05.12.1942<\/p>\n\n\n\n<p>Kurt Hans Heidenreich *27.10.1918 geopfert am 12.10.1941<\/p>\n\n\n\n<p>Ludwig Heidenreich *12.12.1899 geopfert am 21.04.1945<\/p>\n\n\n\n<p>Ludwig Heidenreich *14.03.1914 geopfert am 31.01.1943<\/p>\n\n\n\n<p>Maria Heidenreich *06.10.1899 geopfert am 18.03.1944<\/p>\n\n\n\n<p>Martin Heidenreich *16.06.1925 geopfert am 27.10.1944<\/p>\n\n\n\n<p>Martin Heidenreich *17.07.1925 geopfert am 00.05.1945<\/p>\n\n\n\n<p>Martin Heidenreich *18.08.1922 geopfert am 20.10.1944<\/p>\n\n\n\n<p>Mathias Heidenreich *12.05.1923 geopfert am 07.04.1944<\/p>\n\n\n\n<p>Mathilde Heidenreich *08.04.1899 geopfert am 27.04.1943<\/p>\n\n\n\n<p>Matth\u00e4us Heidenreich *26.07.1907 geopfert am 21.01.1945<\/p>\n\n\n\n<p>Max Heidenreich *03.03.1921 geopfert am 08.09.1943<\/p>\n\n\n\n<p>Max Heidenreich *11.06.1918 geopfert am 24.10.1944<\/p>\n\n\n\n<p>Max Heidenreich *17.03.1896 geopfert am 28.05.1943<\/p>\n\n\n\n<p>Maximilian Heidenreich *22.07.1909 geopfert am 28.09.1942<\/p>\n\n\n\n<p>Michael Heidenreich *16.03.1879 geopfert am 30.09.1944<\/p>\n\n\n\n<p>Oskar Kurt Heydenreich *01.10.1919 geopfert am 18.01.1943<\/p>\n\n\n\n<p>Otto Heidenreich *14.06.1900 geopfert am 00.04.1945<\/p>\n\n\n\n<p>Otto Heidenreich *09.12.1910 geopfert am 10.03.1945<\/p>\n\n\n\n<p>Otto Heidenreich *20.10.1919 geopfert am 22.11.1941<\/p>\n\n\n\n<p>Otto Heydenreich *05.08.1915 geopfert am 01.07.1942<\/p>\n\n\n\n<p>Paul Heidenreich *23.04.1921 geopfert am 19.02.1944<\/p>\n\n\n\n<p>Paul Heidenreich *03.04.1899 geopfert am 07.03.1945<\/p>\n\n\n\n<p>Paul Heidenreich *12.06.1912 geopfert am 28.10.1944<\/p>\n\n\n\n<p>Paul Heidenreich *29.10.1910 geopfert am 01.01.1943<\/p>\n\n\n\n<p>Paul Heidenreich *16.11.1900 geopfert am 08.06.1944<\/p>\n\n\n\n<p>Paul Heidenreich *07.10.1919 geopfert am 01.01.1943<\/p>\n\n\n\n<p>Paul Heidenreich *09.03.1913 geopfert am 04.12.1944<\/p>\n\n\n\n<p>Paul Heidenreich *09.10.1900 geopfert am 05.09.1944<\/p>\n\n\n\n<p>Paul Heidenreich *05.04.1912 geopfert am 01.09.1944<\/p>\n\n\n\n<p>Regine Heidenreich *12.11.1884 geopfert am 25.09.1944<\/p>\n\n\n\n<p>Reinhard Heidenreich *30.03.1892 geopfert am 18.04.1945<\/p>\n\n\n\n<p>Richard Heidenreich *23.01.1921 geopfert am 24.10.1941<\/p>\n\n\n\n<p>Robert Heidenreich *26.12.1903 geopfert am 00.00.1945<\/p>\n\n\n\n<p>Rolf Heidenreich *12.08.1924 geopfert am 19.09.1944<\/p>\n\n\n\n<p>Rudolf Heydenreich *29.03.1918 geopfert am 10.12.1942<\/p>\n\n\n\n<p>Rudolf Heidenreich *14.12.1914 geopfert am 10.08.1944<\/p>\n\n\n\n<p>Rudolf Heidenreich *01.06.1912 geopfert am 30.03.1945<\/p>\n\n\n\n<p>Rudolf Heidenreich *16.04.1916 geopfert am 12.09.1944<\/p>\n\n\n\n<p>Rudolf Heidenreich *27.04.1926 geopfert am 06.01.1945<\/p>\n\n\n\n<p>Rudolf Heidenreich *21.12.1926 geopfert am 28.12.1944<\/p>\n\n\n\n<p>Rudolf Heidenreich *08.06.1924 geopfert am 23.09.1944<\/p>\n\n\n\n<p>Rudolf Karl Erwin Heidenreich *30.12.1926 geopfert am 23.12.1944<\/p>\n\n\n\n<p>Rupert Heidenreich *24.03.1910 geopfert am abt 1945?<\/p>\n\n\n\n<p>Sabine Heidenreich *11.02.1942 geopfert am 29.03.1945<\/p>\n\n\n\n<p>Stefan Heidenreich geopfert am 00.00.1945<\/p>\n\n\n\n<p>Theodor Heidenreich *26.10.1890 geopfert am 02.01.1946<\/p>\n\n\n\n<p>Therese Heidenreich *29.12.1889 geopfert am 14.10.1944<\/p>\n\n\n\n<p>Toni Heidenreich *05.01.1918 geopfert am 23.02.1945<\/p>\n\n\n\n<p>Ursula Heidenreich *05.05.1938 geopfert am 22.10.1943<\/p>\n\n\n\n<p>Valentin Heidenreich *28.06.1880 geopfert am 29.01.1944<\/p>\n\n\n\n<p>Walter Heidenreich *24.07.1918 geopfert am 05.06.1941<\/p>\n\n\n\n<p>Walter Heidenreich *09.05.1922 geopfert am 01.12.1942<\/p>\n\n\n\n<p>Walter Heidenreich *18.09.1912 geopfert am 01.12.1942<\/p>\n\n\n\n<p>Walter Heidenreich *28.04.1922 geopfert am 11.06.1942<\/p>\n\n\n\n<p>Walter Heydenreich *18.01.1916 geopfert am 08.10.1944<\/p>\n\n\n\n<p>Walter Heidenreich *31.05.1924 geopfert am 27.01.1946<\/p>\n\n\n\n<p>Walter Heidenreich *28.10.1920 geopfert am 22.01.1942<\/p>\n\n\n\n<p>Walter Heidenreich *13.07.1923 geopfert am 01.12.1942<\/p>\n\n\n\n<p>Walter Heidenreich *22.01.1908 geopfert am 03.08.1943<\/p>\n\n\n\n<p>Walter Heidenreich *09.09.1909 geopfert am 00.10.1944<\/p>\n\n\n\n<p>Werner Heidenreich *25.04.1904 geopfert am 09.02.1945<\/p>\n\n\n\n<p>Werner Heidenreich *22.08.1911 geopfert am 01.03.1945<\/p>\n\n\n\n<p>Wilhelm Heidenreich *23.12.1891 geopfert am 00.02.1945<\/p>\n\n\n\n<p>Wilhelm Heidenreich *23.04.1913 geopfert am 00.08.1944<\/p>\n\n\n\n<p>Wilhelm Heidenreich *07.07.1906 geopfert am 15.11.1944<\/p>\n\n\n\n<p>Wilhelm Heidenreich *31.12.1911 geopfert am 09.10.1944<\/p>\n\n\n\n<p>Wilhelm Heidenreich *17.04.1920 geopfert am 09.10.1944<\/p>\n\n\n\n<p>Wilhelm Heidenreich *14.01.1905 geopfert am 28.04.1945<\/p>\n\n\n\n<p>Wilhelm Ernst Heydenreich *04.04.1917 geopfert am 02.09.1939<\/p>\n\n\n\n<p>Wilhelm Hinrich Georg Heidenreich *11.07.1923 geopfert am 05.12.1942<\/p>\n\n\n\n<p>Willi Heidenreich *17.09.1906 geopfert am 08.05.1945<\/p>\n\n\n\n<p>Willi Heidenreich *10.08.1908 geopfert am abt 1945?<\/p>\n\n\n\n<p>Willi Heidenreich *29.02.1908 geopfert am 01.12.1942<\/p>\n\n\n\n<p>Willi Heidenreich *22.06.1902 geopfert am 00.04.1945<\/p>\n\n\n\n<p>William Heydenreich *27.10.1919 geopfert am 28.01.1946<\/p>\n\n\n\n<p>Wolfgang Heidenreich geopfert am 24.07.1946<\/p>\n\n\n\n<p>Wolfgang Rudolf Heidenreich *18.09.1917 geopfert am 18.08.1943<br><br><strong>nicht zuordenbar<\/strong><\/p>\n\n\n\n<p>Ewald Heidenreich<\/p>\n\n\n\n<p>Hellmut Heidenreich<\/p>\n\n\n\n<p>Nati Heidenreich<\/p>\n\n\n\n<p>Wolfgang Heidenreich<\/p>\n\n\n\n<p>n\u00e4here Auskunft \u00fcber die aufgef\u00fchrten Personen eventuell bei:<\/p>\n\n\n\n<p>Quelle: <a href=\"http:\/\/www.Volksbund.de\/\" target=\"_blank\" rel=\"noreferrer noopener\">www.Volksbund.de<\/a><\/p>\n","protected":false},"excerpt":{"rendered":"<p>Die Opfer der Zinswirtschaft Sie wollten leben, doch sie durften nicht !! Diese Seite ist den in den Weltkriegen get\u00f6teten Opfern der Zinswirtschaft gewidmet. 1. &hellip; <\/p>\n","protected":false},"author":1,"featured_media":0,"parent":0,"menu_order":0,"comment_status":"closed","ping_status":"closed","template":"","meta":{"footnotes":""},"_links":{"self":[{"href":"http:\/\/alle-heidenreich.bplaced.net\/alleheidenreich\/index.php?rest_route=\/wp\/v2\/pages\/61"}],"collection":[{"href":"http:\/\/alle-heidenreich.bplaced.net\/alleheidenreich\/index.php?rest_route=\/wp\/v2\/pages"}],"about":[{"href":"http:\/\/alle-heidenreich.bplaced.net\/alleheidenreich\/index.php?rest_route=\/wp\/v2\/types\/page"}],"author":[{"embeddable":true,"href":"http:\/\/alle-heidenreich.bplaced.net\/alleheidenreich\/index.php?rest_route=\/wp\/v2\/users\/1"}],"replies":[{"embeddable":true,"href":"http:\/\/alle-heidenreich.bplaced.net\/alleheidenreich\/index.php?rest_route=%2Fwp%2Fv2%2Fcomments&post=61"}],"version-history":[{"count":1,"href":"http:\/\/alle-heidenreich.bplaced.net\/alleheidenreich\/index.php?rest_route=\/wp\/v2\/pages\/61\/revisions"}],"predecessor-version":[{"id":63,"href":"http:\/\/alle-heidenreich.bplaced.net\/alleheidenreich\/index.php?rest_route=\/wp\/v2\/pages\/61\/revisions\/63"}],"wp:attachment":[{"href":"http:\/\/alle-heidenreich.bplaced.net\/alleheidenreich\/index.php?rest_route=%2Fwp%2Fv2%2Fmedia&parent=61"}],"curies":[{"name":"wp","href":"https:\/\/api.w.org\/{rel}","templated":true}]}}