{"id":58,"date":"2020-12-29T17:20:35","date_gmt":"2020-12-29T16:20:35","guid":{"rendered":"http:\/\/alle-heidenreich.bplaced.net\/alleheidenreich\/?page_id=58"},"modified":"2021-01-21T19:52:52","modified_gmt":"2021-01-21T18:52:52","slug":"stammbaum-top-liste","status":"publish","type":"page","link":"http:\/\/alle-heidenreich.bplaced.net\/alleheidenreich\/?page_id=58","title":{"rendered":"Stammbaum (Top-Liste)"},"content":{"rendered":"\n<p class=\"has-text-align-center\">TOP-Liste<br>das soll keine Wertung sein.<br>Es sind lediglich die mir bekannten der Gr\u00f6sse nach aufgelistet.<\/p>\n\n\n\n<figure class=\"wp-block-table\"><table><tbody><tr><th>Platz<\/th><th>Stamm \u2013 Bezeichnung<br>(Ursprung)<\/th><th>weitere Nennungen und Vorkommen in:<\/th><th>Zeitraum<\/th><th>Bekannte Individien \/ Familien<\/th><th>An der Erforschung beteiligt bzw<br>zur Familie geh\u00f6rig:<\/th><\/tr><tr><td><br><\/td><th>(bitte weitere, nicht mit dem Hauptstamm verbunden Teile beachten)<\/th><td><br><\/td><td><br><\/td><td>Nur im jeweiligen Hauptstamm<\/td><td>Die aufgef\u00fchrten Personen sind entweder Familienangeh\u00f6rige oder ber\u00fchren bei ihrer eigenen Ahnenforschung die Genealogie des Stammes<\/td><\/tr><tr><td>1<\/td><td>AA-SAX, Gro\u00dfwaltersdorf-1310<\/td><td>Argentinien, Mexiko, Sachsen, Schlesien, Th\u00fcringen, Niedersachsen, USA<\/td><td>Ca 1330 &#8211; heute<\/td><td>714<\/td><td>Dieter Heidenreich \u2013 Dresden,<br><a href=\"mailto:rheydenreich@web.de?subject=Familienforschung%20Heidenreich\">Richard Heydenreich<\/a> \u2013 N\u00fcrnberg,<br><a href=\"mailto:b.heydenreich@t-online.de?subject=Familienforschung%20Heidenreich\">Bernhard Heydenreich<\/a> &#8211;<br><a href=\"mailto:hgp.hannover@t-online.de?subject=Familienforschung%20Heidenreich\">Hajo Heydenreich<\/a> &#8211;<br><a href=\"mailto:Jimh20ny@yahoo.com?subject=Familienforschung%20Heidenreich\">Jim Heydenreich<\/a> \u2013 New Jersey &#8211;<br><a href=\"mailto:mirusbund@onlinehome.de?subject=Familienforschung%20Heidenreich\">Helmut Mirus<\/a> &#8211;<br><a href=\"mailto:L.Heydenreich@gmx.de?subject=Familienforschung%20Heidenreich\">Lars Heydenreich<\/a> &#8211;<br><a href=\"mailto:Tobias.Heydenreich@AUDI.DE%20?subject=Familienforschung%20Heidenreich\">Tobias Heydenreich<\/a> &#8211;<br><a href=\"mailto:JuenglingConny@aol.com%20?subject=Familienforschung%20Heidenreich\">Conny J\u00fcngling<\/a> &#8211;<br><a href=\"mailto:dfritsch@awi-potsdam.de%20?subject=Familienforschung%20Heidenreich\">Dietrich Fritzsche<\/a> &#8211;<br><a href=\"mailto:geitze@gmx.de?subject=Familienforschung%20Heidenreich\">Gudrun Eitze<\/a> &#8211;<br><a href=\"mailto:Dirk.Schaefer-Lippstadt@t-online.de?subject=Familienforschung%20Heidenreich\">Dirk Sch\u00e4fer<\/a> &#8211; Lippstadt<\/td><\/tr><tr><td>2<\/td><td>AA-NDE, Holstein-1670<\/td><td>Holstein &#8211; Ndeut<br>Norwegen, USA<\/td><td>1694 &#8211; heute<\/td><td>184<\/td><td><a href=\"mailto:max_guld@hig.no?subject=Familienforschung%20Heidenreich\">Max Wiggo Guldberg<\/a> \u2013 Norwegen<br><a href=\"mailto:Lstotle@aol.com?subject=Familienforschung%20Heidenreich\">Bob Koster<\/a> \u2013 NewYersey &#8211;<\/td><\/tr><tr><td>3<\/td><td>AA-WEF, Warburg<\/td><td>Warburg<\/td><td>Ca 1350 &#8211; heute<\/td><td>182<\/td><td>Liborius Heidenreich &#8211;<br><a href=\"mailto:HBoehlen@t-online.de?subject=Familienforschung%20Heidenreich\">Hubert B\u00f6hlen<\/a> &#8211;<\/td><\/tr><tr><td>4<\/td><td>AA-OPR, Lyck<\/td><td>Lyck, Insterburg, K\u00f6nigsberg<\/td><td>Ca 1600- heute<\/td><td>146<\/td><td><a href=\"mailto:Rainer.Sperling@gez.de?subject=Familienforschung%20Heidenreich\">Rainer Sperling <\/a>\u2013 Pulheim,<br><a href=\"mailto:karl.gerking@nord-com.net?subject=Familienforschung%20Heidenreich\">Karl Gerking<\/a> &#8211;<br><a href=\"mailto:marenkhan@onetel.net.uk?subject=Familienforschung%20Heidenreich\">Maren Khan<\/a> &#8211; USA<\/td><\/tr><tr><td>5<\/td><td>AA-TH\u00dc, Werra-Tiefenort-1730<\/td><td>Australien, Illinios, Th\u00fcringen<\/td><td>Ca 1730 &#8211; heute<\/td><td>122<\/td><td><a href=\"mailto:HolgerEvelyn@web.de?subject=Familienforschung%20Heidenreich\">Holger Heidenreich<\/a> &#8211; Th\u00fcringen<\/td><\/tr><tr><td>6<\/td><td>AA-SWA, N\u00f6rdlingen<\/td><td>N\u00f6rdlingen<\/td><td>Ca 1500 &#8211; 19.Jh<\/td><td>114<\/td><td><a href=\"mailto:genelog@sehrbundt.de?subject=Familienforschung%20Heidenreich\">Hans Joachim Sehrbundt<\/a> &#8211; &#8230; &#8211; <a href=\"http:\/\/www.sehrbundt.de\/ahnen\" target=\"_blank\" rel=\"noreferrer noopener\">www<\/a><br><a href=\"mailto:sabine@ggrs.com?subject=Familienforschung%20Heidenreich\">Sabine Schleichert GGRS<\/a> \u2013 BG &#8211; <a href=\"http:\/\/www.ggrs.com\/\" target=\"_blank\" rel=\"noreferrer noopener\">www<\/a><br><a href=\"mailto:Georg.A.H.Wolf@t-online.de?subject=Familienforschung%20Heidenreich\">Georg A.H.Wolf<\/a> &#8212; &#8230; &#8211;<\/td><\/tr><tr><td>7<\/td><td>AA-TH\u00dc, K\u00f6rner-M\u00fchlhausen-1640<\/td><td>Th\u00fcringen,<br>S\u00fcdafrika<\/td><td>1640 &#8211; heute<\/td><td>96<\/td><td><a href=\"mailto:aeh@SUPROKON.co.za?subject=Familienforschung%20Heidenreich\">Anton He\u00ffdenr\u00ffch<\/a> \u2013 S\u00fcdafrika &#8211; <a href=\"http:\/\/www.heydenrych.co.za\/\">www<\/a><br><a href=\"mailto:proplib@tiscali.co.za?subject=Familienforschung%20Heidenreich\">Charl M Heydenrych<\/a> \u2013 S\u00fcdafrika<br><a href=\"mailto:dhgarner@icon.co.za?subject=Familienforschung%20Heidenreich\">Helen Garner<\/a> &#8211; &#8230; &#8211;<\/td><\/tr><tr><td>8<\/td><td>AA-BWB, Teningen<\/td><td>Baden, Elsa\u00df, Schwarzwald, Schweiz<\/td><td>1555 \u2013 1750<\/td><td>89<\/td><td><a href=\"mailto:nicolas.ghersi@club-internet.fr?subject=Familienforschung%20Heidenreich\">Nicolas Gershi<\/a> &#8211; Frankreich<\/td><\/tr><tr><td>9<\/td><td>AA-TH\u00dc, P\u00f6\u00dfneck<\/td><td>Th\u00fcringen, Brandenburg, Sachsen<\/td><td>Ca 1713 &#8211; heute<\/td><td>86<\/td><td><a href=\"mailto:axel.biernat@gmx.de?subject=Familienforschung%20Heidenreich\">Axel Biernat<\/a> &#8211;<\/td><\/tr><tr><td>10<\/td><td>AA-FRA, Wattendorf<\/td><td>Franken<\/td><td>Ca 1590 &#8211; heute<\/td><td>86<\/td><td><a href=\"mailto:Michheid38@aol.com?subject=Familienforschung%20Heidenreich\">Rathard Heidenreich<\/a> \u2013 Frankreich<br><a href=\"mailto:heinrich@bienlein.net?subject=Familienforschung%20Heidenreich\">Heinrich Bienlein<\/a> \u2013 Bad Staffelstein &#8211; <a href=\"http:\/\/www.heinrich-bienlein.de\/\" target=\"_blank\" rel=\"noreferrer noopener\">www<\/a><br>Albert F. Vogt &#8211; Regensburg<\/td><\/tr><tr><td>11<\/td><td>AA-WEF, H\u00fcllhorst<\/td><td>Westfalen<\/td><td>Ca 1635 &#8211; heute<\/td><td>65<\/td><td>Martin Heidenreich &#8211;<br>Irmgard Voss &#8211;<\/td><\/tr><tr><td>12<\/td><td>AA-HES, Sues<\/td><td>Hessen, USA<\/td><td>1796 &#8211; heute<\/td><td>61<\/td><td><a href=\"mailto:rheidenreich@mstar2.net?subject=Familienforschung%20Heidenreich\">Richard Heidenreich<\/a> \u2013 USA &#8211;<\/td><\/tr><tr><td>13<\/td><td>AA-SLE, Poischwitz-Jauer<\/td><td>Schlesien,<br>USA<\/td><td>Ca 1790 &#8211; heute<\/td><td>52<\/td><td><a href=\"mailto:deheidenreich@yahoo.com?subject=Familienforschung%20Heidenreich\">Donald Heidenreich<\/a> \u2013 Forset Californien<\/td><\/tr><tr><td>14<\/td><td>AA-SLE, Eisersdorf<\/td><td>Schlesien, Sachsen,<\/td><td>Ca 1800 &#8211; heute<\/td><td>51<\/td><td><a href=\"mailto:vonHeidus@outlook.de?subject=Familienforschung%20Heidenreich\">Harald Heidenreich<\/a> \u2013 Oederan Sachsen<br>Maik Heidenreich \u2013 Bitterfeld Sachsen-Anhalt<\/td><\/tr><tr><td>15<\/td><td>AA-MEB, Rostock<\/td><td>Rostock<br>USA<\/td><td>1838 &#8211; heute<\/td><td>47<\/td><td><br><\/td><\/tr><tr><td>16<\/td><td>AA-SAN, Quedlinburg<\/td><td>Harz, Th\u00fcringen<\/td><td>Ca 1700 &#8211; heute<\/td><td>46<\/td><td><a href=\"mailto:Uwe.Voigt@gmx.de?subject=Familienforschung%20Heidenreich\">Uwe Voigt<\/a> &#8211;<\/td><\/tr><tr><td>17<\/td><td>AA-MEB, Kambs<\/td><td>Mecklenburg<br>USA<\/td><td>1729 &#8211; heute<\/td><td>44<\/td><td>Margit Rambow &#8211; &#8230; &#8211; <a href=\"http:\/\/www.rambow.de\/\" target=\"_blank\" rel=\"noreferrer noopener\">www<\/a><\/td><\/tr><tr><td>18<\/td><td>AA-RHP, Niegend<\/td><td>Niegend \/ Trier<\/td><td>1748 &#8211; heute<\/td><td>36<\/td><td><br><\/td><\/tr><tr><td>19<\/td><td>AA-BWB, Seckenheim<\/td><td>Seckenheim \/ Mannheim<\/td><td>Ca 1770 &#8211; 20.Jh<\/td><td>33<\/td><td><br><\/td><\/tr><tr><td>20<\/td><td>AA-TH\u00dc, Oberellen-Gerstungen<\/td><td>Th\u00fcringen, Hessen<\/td><td>Ca 1700-1977<\/td><td>31<\/td><td><br><\/td><\/tr><tr><td>21<\/td><td>AA-WEF, Tenningen<\/td><td>Westfalen, Illinios<\/td><td>1832 &#8211; heute<\/td><td>29<\/td><td><a href=\"mailto:mike97@enter.net?subject=Familienforschung%20Heidenreich\">Mike Kern<\/a> &#8211; &#8230; &#8211;<\/td><\/tr><tr><td>22<\/td><td>AA-WEF, Tengern-Schnatthorst<\/td><td>Westfalen, Illinios<\/td><td>1801-1907<\/td><td>28<\/td><td><a href=\"mailto:schnake-at-surname.org?subject=Familienforschung%20Heidenreich\">Donna Budzier \/ Roy Johnson<\/a> &#8211; &#8230; &#8211;<\/td><\/tr><tr><td>23<\/td><td>AA-SAX, Zittau<\/td><td>Sachsen, Schlesien<\/td><td>1483 \u2013 1615<\/td><td>27<\/td><td><a href=\"mailto:M.J.JOBS@t-online.de?subject=Familienforschung%20Heidenreich\">Jared &amp; Maria Jobs<\/a> &#8211; &#8230; &#8211;<\/td><\/tr><tr><td>24<\/td><td>AA-SAN, Gernrode<\/td><td>Sachsen-Anhalt<\/td><td>1653 \u2013 1773<\/td><td>21<\/td><td>&#8212;&#8212;&#8212;&#8212;&#8212;&#8212;&#8212;&#8212;-<\/td><\/tr><tr><td>25<\/td><td>AA-FRA, Metzlersreuth<\/td><td>Franken<\/td><td>1528 \u2013 1760<\/td><td>8<\/td><td>&#8212;&#8212;&#8212;&#8212;&#8212;&#8212;&#8212;&#8212;-<\/td><\/tr><tr><td>26<\/td><td>AA-NDL, (in Arbeit)<\/td><td>Niederlande<\/td><td>1750 \u2013 heute<\/td><td>&#8212;<\/td><td><a href=\"mailto:postvoorkim@casema.nl?subject=Familienforschung%20Heidenreich\">Kim Heijdenrijk<\/a> &#8211;<br><a href=\"mailto:gmatthee@wanadoo.nl?subject=Familienforschung%20Heidenreich\">Ger Matthee<\/a> &#8211;<br><a href=\"mailto:theo-brielle@xs4all.nl?subject=Familienforschung%20Heidenreich\">Theo Heydenrijk<\/a> &#8211; &#8230; &#8211;<br><a href=\"mailto:lindaheidenreich@hetnet.nl?subject=Familienforschung%20Heidenreich\">Linda Heidenreich<\/a> &#8211; &#8230; &#8211;<br><a href=\"mailto:ronald.anouk@hccnet.nl?subject=Familienforschung%20Heidenreich\">Anouk Heidenrijk<\/a> &#8211; &#8230; &#8211;<br><a href=\"mailto:letopditbericht@hotmail.com?subject=Familienforschung%20Heidenreich\">Stefanie<\/a> &#8211; &#8230; &#8211;<\/td><\/tr><\/tbody><\/table><\/figure>\n","protected":false},"excerpt":{"rendered":"<p>TOP-Listedas soll keine Wertung sein.Es sind lediglich die mir bekannten der Gr\u00f6sse nach aufgelistet. Platz Stamm \u2013 Bezeichnung(Ursprung) weitere Nennungen und Vorkommen in: Zeitraum Bekannte &hellip; <\/p>\n","protected":false},"author":1,"featured_media":0,"parent":0,"menu_order":0,"comment_status":"closed","ping_status":"closed","template":"","meta":{"footnotes":""},"_links":{"self":[{"href":"http:\/\/alle-heidenreich.bplaced.net\/alleheidenreich\/index.php?rest_route=\/wp\/v2\/pages\/58"}],"collection":[{"href":"http:\/\/alle-heidenreich.bplaced.net\/alleheidenreich\/index.php?rest_route=\/wp\/v2\/pages"}],"about":[{"href":"http:\/\/alle-heidenreich.bplaced.net\/alleheidenreich\/index.php?rest_route=\/wp\/v2\/types\/page"}],"author":[{"embeddable":true,"href":"http:\/\/alle-heidenreich.bplaced.net\/alleheidenreich\/index.php?rest_route=\/wp\/v2\/users\/1"}],"replies":[{"embeddable":true,"href":"http:\/\/alle-heidenreich.bplaced.net\/alleheidenreich\/index.php?rest_route=%2Fwp%2Fv2%2Fcomments&post=58"}],"version-history":[{"count":2,"href":"http:\/\/alle-heidenreich.bplaced.net\/alleheidenreich\/index.php?rest_route=\/wp\/v2\/pages\/58\/revisions"}],"predecessor-version":[{"id":196,"href":"http:\/\/alle-heidenreich.bplaced.net\/alleheidenreich\/index.php?rest_route=\/wp\/v2\/pages\/58\/revisions\/196"}],"wp:attachment":[{"href":"http:\/\/alle-heidenreich.bplaced.net\/alleheidenreich\/index.php?rest_route=%2Fwp%2Fv2%2Fmedia&parent=58"}],"curies":[{"name":"wp","href":"https:\/\/api.w.org\/{rel}","templated":true}]}}