{"id":44,"date":"2020-12-29T17:01:21","date_gmt":"2020-12-29T16:01:21","guid":{"rendered":"http:\/\/alle-heidenreich.bplaced.net\/alleheidenreich\/?page_id=44"},"modified":"2020-12-29T22:20:36","modified_gmt":"2020-12-29T21:20:36","slug":"44-2","status":"publish","type":"page","link":"http:\/\/alle-heidenreich.bplaced.net\/alleheidenreich\/?page_id=44","title":{"rendered":"Auswanderer"},"content":{"rendered":"\n<p class=\"has-text-align-center\">Auswanderer Heidenreichs in den Auswandererdatenbanken \u201eWas auch immer den Ansto\u00df zum Verlassen der Heimat gegeben hat, immer geschah es in der Hoffnung auf eine bessere Zukunft.\u201c<\/p>\n\n\n\n<p class=\"has-text-align-center\">Als Quellen habe ich hier die Einwanderer-Datenbank von Ellis Island \/ New York und die Passagier und Emmigrationslisten \u201eGerman to Amerika\u201c sowie die bisherigen Ver\u00f6ffentlichungen des Hafen Hamburg erschlossen. Diese beinhalten Auswanderer von Deutschland nach den USA. Aber nicht alle Amerikaauswanderer gingen in die Staaten.<br>Auch Brasilien und andere L\u00e4nder nahmen Deutsche auf. Allerdings fehlen mir hierf\u00fcr noch die entsprechenden Quellen.<br>Bis dahin beschr\u00e4nken sich die gefunden Namen auf die genannten Datenbanken. Weitere links zu eventuellen Quellen<br><br><a href=\"http:\/\/www.geocities.com\/Heartland\/Meadows\/7589\/index_de.html\" target=\"_blank\" rel=\"noreferrer noopener\">http:\/\/www.geocities.com\/Heartland\/Meadows\/7589\/index_de.html<\/a> (S\u00fcdafrika)<br><a href=\"http:\/\/www.immigrantships.net\" target=\"_blank\" rel=\"noreferrer noopener\">http:\/\/www.immigrantships.net<\/a> (USA)<br><a href=\"http:\/\/castlegarten.org\/\" target=\"_blank\" rel=\"noreferrer noopener\">http:\/\/castlegarten.org\/<\/a> (USA ab 1830 \u2013 10.000.000 Eintr\u00e4ge)<\/p>\n","protected":false},"excerpt":{"rendered":"<p>Auswanderer Heidenreichs in den Auswandererdatenbanken \u201eWas auch immer den Ansto\u00df zum Verlassen der Heimat gegeben hat, immer geschah es in der Hoffnung auf eine bessere &hellip; <\/p>\n","protected":false},"author":1,"featured_media":0,"parent":0,"menu_order":0,"comment_status":"closed","ping_status":"closed","template":"","meta":{"footnotes":""},"_links":{"self":[{"href":"http:\/\/alle-heidenreich.bplaced.net\/alleheidenreich\/index.php?rest_route=\/wp\/v2\/pages\/44"}],"collection":[{"href":"http:\/\/alle-heidenreich.bplaced.net\/alleheidenreich\/index.php?rest_route=\/wp\/v2\/pages"}],"about":[{"href":"http:\/\/alle-heidenreich.bplaced.net\/alleheidenreich\/index.php?rest_route=\/wp\/v2\/types\/page"}],"author":[{"embeddable":true,"href":"http:\/\/alle-heidenreich.bplaced.net\/alleheidenreich\/index.php?rest_route=\/wp\/v2\/users\/1"}],"replies":[{"embeddable":true,"href":"http:\/\/alle-heidenreich.bplaced.net\/alleheidenreich\/index.php?rest_route=%2Fwp%2Fv2%2Fcomments&post=44"}],"version-history":[{"count":2,"href":"http:\/\/alle-heidenreich.bplaced.net\/alleheidenreich\/index.php?rest_route=\/wp\/v2\/pages\/44\/revisions"}],"predecessor-version":[{"id":47,"href":"http:\/\/alle-heidenreich.bplaced.net\/alleheidenreich\/index.php?rest_route=\/wp\/v2\/pages\/44\/revisions\/47"}],"wp:attachment":[{"href":"http:\/\/alle-heidenreich.bplaced.net\/alleheidenreich\/index.php?rest_route=%2Fwp%2Fv2%2Fmedia&parent=44"}],"curies":[{"name":"wp","href":"https:\/\/api.w.org\/{rel}","templated":true}]}}