{"id":41,"date":"2020-12-29T16:58:34","date_gmt":"2020-12-29T15:58:34","guid":{"rendered":"http:\/\/alle-heidenreich.bplaced.net\/alleheidenreich\/?page_id=41"},"modified":"2020-12-29T17:50:30","modified_gmt":"2020-12-29T16:50:30","slug":"genealogische-datenbank","status":"publish","type":"page","link":"http:\/\/alle-heidenreich.bplaced.net\/alleheidenreich\/?page_id=41","title":{"rendered":"Genealogische Datenbank"},"content":{"rendered":"\n<p class=\"has-text-align-center\">Genealogische Daten Die Heidenreich-Datenbank enth\u00e4lt z.Z. 7335 Datens\u00e4tze mit ca. 4696 Personen des Namens Heidenreich.<br>(die Heidenreichs in Abstammung aus Lindewiese bei Freiwaldau in \u00d6sterr. Schlesien mit Zug \u00fcber die Region Glatz in Schlesien sind hier nicht enthalten)<\/p>\n\n\n\n<p class=\"has-text-align-center\">Innerhalb dieser Datenbank verwende ich unabh\u00e4ngig von der historischen und gegenw\u00e4rtigen Schreibweise immer die Schreibweise mit &#8222;ei&#8220;.<\/p>\n\n\n\n<p class=\"has-text-align-center\">Die restlichen Datens\u00e4tze enthalten entweder die Ehepartner bzw. dienen der Orientierung innerhalb einer Zeitleiste.<br>So gibt es die AAA und AA Namen als Beginner eines Stammbaumes in einer Region. ZZ Namen sind immer nur f\u00fcr die Weitergabe innerhalb der Zeitleiste n\u00f6tig.<\/p>\n\n\n\n<p class=\"has-text-align-center\">Sie k\u00f6nnen die Datenbank gern als gedcom Datei herunterladen. Zum Betrachten eignet sich jedes Ahnenprogramm, wie z.B. &#8222;Ahnenblatt&#8220;. Es wird keinerlei Gew\u00e4hr und Garantie f\u00fcr die Datei und die enthaltenen Daten \u00fcbernommen. <\/p>\n\n\n\n<div class=\"wp-block-buttons aligncenter is-layout-flex wp-block-buttons-is-layout-flex\">\n<div class=\"wp-block-button is-style-outline\"><a class=\"wp-block-button__link\" href=\"http:\/\/alle-heidenreich.bplaced.net\/alleheidenreich\/daten\/File1.ged\" target=\"_blank\" rel=\"noreferrer noopener\">Download GED-Com Datei<\/a><\/div>\n<\/div>\n\n\n\n<p><br><\/p>\n","protected":false},"excerpt":{"rendered":"<p>Genealogische Daten Die Heidenreich-Datenbank enth\u00e4lt z.Z. 7335 Datens\u00e4tze mit ca. 4696 Personen des Namens Heidenreich.(die Heidenreichs in Abstammung aus Lindewiese bei Freiwaldau in \u00d6sterr. Schlesien &hellip; <\/p>\n","protected":false},"author":1,"featured_media":0,"parent":0,"menu_order":0,"comment_status":"closed","ping_status":"closed","template":"","meta":{"footnotes":""},"_links":{"self":[{"href":"http:\/\/alle-heidenreich.bplaced.net\/alleheidenreich\/index.php?rest_route=\/wp\/v2\/pages\/41"}],"collection":[{"href":"http:\/\/alle-heidenreich.bplaced.net\/alleheidenreich\/index.php?rest_route=\/wp\/v2\/pages"}],"about":[{"href":"http:\/\/alle-heidenreich.bplaced.net\/alleheidenreich\/index.php?rest_route=\/wp\/v2\/types\/page"}],"author":[{"embeddable":true,"href":"http:\/\/alle-heidenreich.bplaced.net\/alleheidenreich\/index.php?rest_route=\/wp\/v2\/users\/1"}],"replies":[{"embeddable":true,"href":"http:\/\/alle-heidenreich.bplaced.net\/alleheidenreich\/index.php?rest_route=%2Fwp%2Fv2%2Fcomments&post=41"}],"version-history":[{"count":4,"href":"http:\/\/alle-heidenreich.bplaced.net\/alleheidenreich\/index.php?rest_route=\/wp\/v2\/pages\/41\/revisions"}],"predecessor-version":[{"id":201,"href":"http:\/\/alle-heidenreich.bplaced.net\/alleheidenreich\/index.php?rest_route=\/wp\/v2\/pages\/41\/revisions\/201"}],"wp:attachment":[{"href":"http:\/\/alle-heidenreich.bplaced.net\/alleheidenreich\/index.php?rest_route=%2Fwp%2Fv2%2Fmedia&parent=41"}],"curies":[{"name":"wp","href":"https:\/\/api.w.org\/{rel}","templated":true}]}}