{"id":36,"date":"2020-12-29T16:53:56","date_gmt":"2020-12-29T15:53:56","guid":{"rendered":"http:\/\/alle-heidenreich.bplaced.net\/alleheidenreich\/?page_id=36"},"modified":"2020-12-29T16:53:56","modified_gmt":"2020-12-29T15:53:56","slug":"namensverteilung","status":"publish","type":"page","link":"http:\/\/alle-heidenreich.bplaced.net\/alleheidenreich\/?page_id=36","title":{"rendered":"Namensverteilung"},"content":{"rendered":"\n<p class=\"has-text-align-center\">Absolute Verteilung der Namen<br>HEIDENREICH \/ HEYDENREICH<br>in Deutschland und \u00d6sterreich Die Karte f\u00fcr Deutschland ist mit dem Webdienst GEOGEN 2.0 erstellt und von mir f\u00fcr diese Darstellung optimiert.<\/p>\n\n\n\n<div class=\"wp-block-image\"><figure class=\"aligncenter size-large\"><img loading=\"lazy\" decoding=\"async\" width=\"800\" height=\"580\" src=\"http:\/\/alle-heidenreich.bplaced.net\/alleheidenreich\/wp-content\/uploads\/2020\/12\/VerbreitunginDt.jpg\" alt=\"\" class=\"wp-image-37\" srcset=\"http:\/\/alle-heidenreich.bplaced.net\/alleheidenreich\/wp-content\/uploads\/2020\/12\/VerbreitunginDt.jpg 800w, http:\/\/alle-heidenreich.bplaced.net\/alleheidenreich\/wp-content\/uploads\/2020\/12\/VerbreitunginDt-300x218.jpg 300w, http:\/\/alle-heidenreich.bplaced.net\/alleheidenreich\/wp-content\/uploads\/2020\/12\/VerbreitunginDt-768x557.jpg 768w\" sizes=\"(max-width: 800px) 100vw, 800px\" \/><\/figure><\/div>\n\n\n\n<p class=\"has-text-align-center\"><br><br>Die Karte f\u00fcr \u00d6sterreich mit Webdienst GEOGEN 3.0 erstellt.<\/p>\n\n\n\n<div class=\"wp-block-image\"><figure class=\"aligncenter size-large\"><img loading=\"lazy\" decoding=\"async\" width=\"536\" height=\"295\" src=\"http:\/\/alle-heidenreich.bplaced.net\/alleheidenreich\/wp-content\/uploads\/2020\/12\/Karte_htm_m5bcb20f2.jpg\" alt=\"\" class=\"wp-image-38\" srcset=\"http:\/\/alle-heidenreich.bplaced.net\/alleheidenreich\/wp-content\/uploads\/2020\/12\/Karte_htm_m5bcb20f2.jpg 536w, http:\/\/alle-heidenreich.bplaced.net\/alleheidenreich\/wp-content\/uploads\/2020\/12\/Karte_htm_m5bcb20f2-300x165.jpg 300w\" sizes=\"(max-width: 536px) 100vw, 536px\" \/><\/figure><\/div>\n","protected":false},"excerpt":{"rendered":"<p>Absolute Verteilung der NamenHEIDENREICH \/ HEYDENREICHin Deutschland und \u00d6sterreich Die Karte f\u00fcr Deutschland ist mit dem Webdienst GEOGEN 2.0 erstellt und von mir f\u00fcr diese &hellip; <\/p>\n","protected":false},"author":1,"featured_media":0,"parent":0,"menu_order":0,"comment_status":"closed","ping_status":"closed","template":"","meta":{"footnotes":""},"_links":{"self":[{"href":"http:\/\/alle-heidenreich.bplaced.net\/alleheidenreich\/index.php?rest_route=\/wp\/v2\/pages\/36"}],"collection":[{"href":"http:\/\/alle-heidenreich.bplaced.net\/alleheidenreich\/index.php?rest_route=\/wp\/v2\/pages"}],"about":[{"href":"http:\/\/alle-heidenreich.bplaced.net\/alleheidenreich\/index.php?rest_route=\/wp\/v2\/types\/page"}],"author":[{"embeddable":true,"href":"http:\/\/alle-heidenreich.bplaced.net\/alleheidenreich\/index.php?rest_route=\/wp\/v2\/users\/1"}],"replies":[{"embeddable":true,"href":"http:\/\/alle-heidenreich.bplaced.net\/alleheidenreich\/index.php?rest_route=%2Fwp%2Fv2%2Fcomments&post=36"}],"version-history":[{"count":1,"href":"http:\/\/alle-heidenreich.bplaced.net\/alleheidenreich\/index.php?rest_route=\/wp\/v2\/pages\/36\/revisions"}],"predecessor-version":[{"id":39,"href":"http:\/\/alle-heidenreich.bplaced.net\/alleheidenreich\/index.php?rest_route=\/wp\/v2\/pages\/36\/revisions\/39"}],"wp:attachment":[{"href":"http:\/\/alle-heidenreich.bplaced.net\/alleheidenreich\/index.php?rest_route=%2Fwp%2Fv2%2Fmedia&parent=36"}],"curies":[{"name":"wp","href":"https:\/\/api.w.org\/{rel}","templated":true}]}}