{"id":30,"date":"2020-12-29T16:46:37","date_gmt":"2020-12-29T15:46:37","guid":{"rendered":"http:\/\/alle-heidenreich.bplaced.net\/alleheidenreich\/?page_id=30"},"modified":"2020-12-29T16:46:38","modified_gmt":"2020-12-29T15:46:38","slug":"namensverbreitung","status":"publish","type":"page","link":"http:\/\/alle-heidenreich.bplaced.net\/alleheidenreich\/?page_id=30","title":{"rendered":"Namensverbreitung"},"content":{"rendered":"\n<p>Die Zahlenangaben dieser Seite entstammen gr\u00f6\u00dftenteils Telefonb\u00fcchern und widerspiegeln somit nicht die genaue Zahl der Einwohner sondern eher die Anzahl der Haushalte mit den Namenformen von Heidenreich.<br><br>Vielen Dank an die \u00dcbermittler der Daten. Angaben zu HEIDRICH stammen gr\u00f6\u00dftenteils von der Website des Roland Heidrich<\/p>\n\n\n\n<p>Argentinien<br><strong>HEIDENREICH<\/strong> 101<br><br>Australien<br><strong>HEIDENREICH<\/strong> (adelaide) 15<br><strong>HEIDRICH<\/strong> 84<br><br>Brasilien<br>(Die meisten leben in den 3 S\u00fcdlichsten Bundesl\u00e4nder Rio Grande do Sul, Santa Catarina und Paran\u00e1, einige in S\u00e3o Paulo, Rio de Janeiro und Minas Gerais)<br><strong>HEIDENREICH<\/strong> : 40<br><strong>HEIDERICH<\/strong> : 80<br><strong>HEIDRICH<\/strong>: 337<br><strong>HEYDRICH<\/strong>: 17<br><br>Deutschland: (D-Info 2004 &#8211; in () Zahl von 2001)<br><strong>HEIDENREICH<\/strong> 3545 (3742)<br><strong>HEIDENRICH<\/strong> 4 (5)<br><strong>HEIDERICH<\/strong> 500<br><strong>HEIDRICH<\/strong> 3558 (3486)<br><strong>HEYDENREICH<\/strong> 368 (376)<br><strong>HEYDRICH <\/strong>253<br><br>Frankreich<br><strong>HEIDENREICH<br>HEIDRICH<\/strong> 26<br><strong>HEYDENREICH<\/strong><br><br>Gro\u00dfbritannien (GB-Info 1996)<br><strong>HEIDENREICH<\/strong> 4<br><strong>HEIDRICH<\/strong> 10<br><strong>HEIDRICK<\/strong> 1<br><strong>HEYDENRYCH<\/strong> 1<br><strong>HEYDRICH<\/strong> 1<br><br>Italien<br><strong>HEIDENREICH<\/strong> 4<br><strong>HEIDRICH<\/strong> 1<br><br>Kanada (Can-Info 1996)<br><strong>HEIDENREICH<\/strong> 27<br><strong>HEIDRICH<\/strong> 38<br><strong>HEYDENREICH<\/strong> 4<br><strong>HEYDRICH<\/strong> 2<br><br>Niederlande \/ Holland<br><strong>HEIDENREICH<\/strong>: 39 persons<br><strong>HEIDENRIJK<\/strong>: 16 persons<br><strong>HEIDERIJK<\/strong>: 2 persons<br><strong>HEIDRICH<\/strong> 2<br><strong>HEIJDENREICH<\/strong>: 2 persons<br><strong>HEIJDENRIJK<\/strong>: 37 persons<br><br>Norwegen:<br><strong>HEIDENREICH<\/strong> 300<br><br>\u00d6sterreich:<br><strong>HEIDENREICH<\/strong> 186<br><strong>HEIDRICH<\/strong> 113<br><strong>HEYDENREICH<\/strong> 6<br><br>Polen:<br><strong>HEIDENREICH <\/strong>102<br>(By:15, Ka:67, Ki:5, Ko:1, Lg:2, Ol:1, Op:2, Os:1, Pl:2, Sz:4,Wb:1, Wr:1)<br><strong>HEIDENREJCH<\/strong> 5 (Ki:5)<br><strong>HEIDENRICH<\/strong> 3 (Ka:3)<br><br>Schweden:<br><strong>HEIDENREICH<\/strong> 13<br><br>Schweiz:<br><strong>HEIDRICH<\/strong> 14<br><br>S\u00fcdafrika<br><strong>HEIDENREICH<\/strong> 2<br><strong>HEIDRICH<\/strong> 2 (6)<br><strong>HEYDENREICH<\/strong> 37<br><strong>HEYDENRYCH <\/strong>235<br><br>USA (US-Info1996)<br><strong>HEIDENREICH <\/strong>1260 (800-US-Info)<br><strong>HEIDENRICH<\/strong> 56<br><strong>HEIDRICH<\/strong> 349 (344-US-Info)<br><strong>HEYDENREICH<\/strong> 98<br><strong>HEYDENRYCH<\/strong> 2<br><strong>HEYDRICH<\/strong> 15<br><br><br><\/p>\n\n\n\n<p><strong>Telefonbuchrecherchen sind unter folgenden Adressen m\u00f6glich<\/strong><br><strong>Europa: <\/strong><a href=\"http:\/\/www.telefonbuch.com\/europa.htm\">http:\/\/www.telefonbuch.com\/europa.htm<\/a> <strong><br>Polen:<\/strong> <a href=\"http:\/\/www.ditel.com.pl\/asp\/szukaj_a.asp\">http:\/\/www.ditel.com.pl\/asp\/szukaj_a.asp<\/a><br>Imi\u00ea &#8211; Vorname, Nazwisko &#8211; Nachname, ul &#8211; Stra\u00dfe, Miejscowo?\u00e6 &#8211; Ort, Wojew\u00f3dztwo<br>&#8211; Woiwodschaft, szukaj &#8211; Suche. Wobei nur Name und Ort die Mussfelder sind.<br><strong>\u00d6sterreich:<\/strong> <a href=\"http:\/\/www.etb.at\/www\/cgi-bin\/ida_qry\">http:\/\/www.etb.at\/www\/cgi-bin\/ida_qry<\/a> (alt)<br><a href=\"http:\/\/www.herold.at\/\">www.herold.at<\/a> (NEU)<br><strong>S\u00fcdafrika: <\/strong><a href=\"http:\/\/196.15.219.249\/servlet\/SAWPSearchServlet\">http:\/\/196.15.219.249\/servlet\/SAWPSearchServlet<\/a><br><strong>Tschechien : <\/strong><a href=\"http:\/\/phonebook.quick.cz\/\">http:\/\/phonebook.quick.cz\/<\/a><\/p>\n","protected":false},"excerpt":{"rendered":"<p>Die Zahlenangaben dieser Seite entstammen gr\u00f6\u00dftenteils Telefonb\u00fcchern und widerspiegeln somit nicht die genaue Zahl der Einwohner sondern eher die Anzahl der Haushalte mit den Namenformen &hellip; <\/p>\n","protected":false},"author":1,"featured_media":0,"parent":0,"menu_order":0,"comment_status":"closed","ping_status":"closed","template":"","meta":{"footnotes":""},"_links":{"self":[{"href":"http:\/\/alle-heidenreich.bplaced.net\/alleheidenreich\/index.php?rest_route=\/wp\/v2\/pages\/30"}],"collection":[{"href":"http:\/\/alle-heidenreich.bplaced.net\/alleheidenreich\/index.php?rest_route=\/wp\/v2\/pages"}],"about":[{"href":"http:\/\/alle-heidenreich.bplaced.net\/alleheidenreich\/index.php?rest_route=\/wp\/v2\/types\/page"}],"author":[{"embeddable":true,"href":"http:\/\/alle-heidenreich.bplaced.net\/alleheidenreich\/index.php?rest_route=\/wp\/v2\/users\/1"}],"replies":[{"embeddable":true,"href":"http:\/\/alle-heidenreich.bplaced.net\/alleheidenreich\/index.php?rest_route=%2Fwp%2Fv2%2Fcomments&post=30"}],"version-history":[{"count":1,"href":"http:\/\/alle-heidenreich.bplaced.net\/alleheidenreich\/index.php?rest_route=\/wp\/v2\/pages\/30\/revisions"}],"predecessor-version":[{"id":31,"href":"http:\/\/alle-heidenreich.bplaced.net\/alleheidenreich\/index.php?rest_route=\/wp\/v2\/pages\/30\/revisions\/31"}],"wp:attachment":[{"href":"http:\/\/alle-heidenreich.bplaced.net\/alleheidenreich\/index.php?rest_route=%2Fwp%2Fv2%2Fmedia&parent=30"}],"curies":[{"name":"wp","href":"https:\/\/api.w.org\/{rel}","templated":true}]}}